{"id":927,"date":"2020-11-26T13:41:40","date_gmt":"2020-11-26T13:41:40","guid":{"rendered":"https:\/\/asca.ro\/?page_id=927"},"modified":"2021-02-26T20:18:17","modified_gmt":"2021-02-26T18:18:17","slug":"raport-anual","status":"publish","type":"page","link":"https:\/\/asca.ro\/ro\/raport-anual\/","title":{"rendered":"Raport anual"},"content":{"rendered":"\n<div class=\"wp-block-file\"><a href=\"https:\/\/asca.ro\/wp-content\/uploads\/2021\/01\/Raport-de-activitate-al-asociatiei-pe-anul-2020.pdf\">Raport-de-activitate-al-asociatiei-pe-anul-2020<\/a><a href=\"https:\/\/asca.ro\/wp-content\/uploads\/2021\/01\/Raport-de-activitate-al-asociatiei-pe-anul-2020.pdf\" class=\"wp-block-file__button\" download>Descarc\u0103<\/a><\/div>\n\n\n\n<p>Raport de activitate pentru anul 2020<br>I.Scurt istoric<br>Asocia\u021bia Sf\u00e2ntul Casian este o asocia\u021bie \u00eenfiin\u021bat\u0103 \u00een anul 2018 din 5 p\u0103rin\u021bi ai unor copii diagnostica\u021bi cu autism.<br>Misiunea acestei asocia\u021bii este de a recupera prin terapie c\u00e2t mai mul\u021bi copii cu diagnostic din spectru autist. Pentru a reu\u0219i acest lucru, asocia\u021bia Sf\u00e2ntul Casian a deschis un serviciu social numit \u201eCentru de zi pentru copii cu tulbur\u0103ri de spectru autist\u201d, unde copii primesc terapia necesar\u0103 pentru recuperare, cu ajutorul unor terapeu\u021bi specializa\u021bi. Scopul serviciului social \u201cCentrul de zi pentru copii cu tulbur\u0103ri de spectrul autist\u201d, \u201eSf\u00e2ntul Casian\u201d, este de a \u00eembun\u0103t\u0103\u021bii vie\u021biile copiilor diagnostica\u021bi cu autism sau tulbur\u0103ri din spectrul autist, prin asigurarea, pe timpul zilei, a unor activit\u0103\u0163i de educa\u0163ie, abilitare-reabilitare, recreere-socializare, dezvoltare a deprinderilor de via\u0163\u0103 independent\u0103, c\u00e2t \u015fi a unor activit\u0103\u0163i de sprijin, etc. \u00cen decursul anului 2020, \u00een cadrul asocia\u021biei s-au derulat 2 proiecte. 1.Aleea senzorial\u0103 \u00een colaborare cu Crucea Rosie Media\u0219, prin care Crucea Ro\u015fie Media\u015f \u00ee\u015fi propune amenajarea unei alei senzoriale pentru copiii cu autism, \u00een incinta Centrului de zi pentru copii cu tulbur\u0103ri din spectrul autist, cu o lungime de ~30 de metri, realizate cu materiale naturale, unde drume\u0163ia \u00een picioarele goale pe por\u021biuni cu nisip, pietri\u015f de diferite m\u0103rimi \u0219i forme, conuri de brad, scoar\u021b\u0103 de copac, rumegu\u015f, bu\u015fteni, iarb\u0103 \u0219i coceni de porumb etc, s\u0103 fie o modalitate de relaxare \u015fi terapie pentru ace\u015ftia. \u00cen t\u0103lpi exist\u0103 7.200 de termina\u021bii nervoase ce sunt conectate la toate p\u0103r\u021bile corpului. Aceste leg\u0103turi sunt procesate prin coloana vertebral\u0103 \u0219i creier. Prin masajul t\u0103lpilor durerile \u0219i stresul se atenueaz\u0103, iar organismul intr\u0103 \u00eentr-o stare de confort. Pentru acest proiect, 95 de persoane din toat\u0103 \u021bara au alergat la Maratonul international Sibiu \u0219i au donat bani, adun\u00e2ndu-se suma 9743 lei. Din aceast\u0103 sum\u0103, pe l\u00e2ng\u0103 aleea senzorial\u0103, se va face \u0219i un loc de joac\u0103 \u00een curtea centrului.<br>Grupul \u021bint\u0103 al acestui proiect sunt copiii cu autism din zona Media\u0219ului.<br>-cei 16 copii \u00eenscri\u0219i la momentul actual la Centrul de zi pentru copii cu tulbur\u0103ri din spectrul autist Sf\u00e2ntul Casian;<br>-cei 53 de copii diagnostica\u021bi cu autism\/TSA pe zona de nord a jude\u021bului Sibiu.<br>Locul de joac\u0103 va fi deschis \u0219i pentru ceilal\u021bi copii cu dizabilit\u0103\u021bi din Media\u0219 \u0219i \u00eemprejurimi.<br>\u00cen momentul de fa\u021b\u0103 s-a nivelat terenul cu un buldoexcavator, urm\u00e2nd ca \u00een prim\u0103var\u0103 s\u0103 se \u00eenceap\u0103 construc\u021bia.<br>2.Pia\u021ba de fericire edi\u021bia a 2 a, proiect care se deruleaz\u0103 \u00een perioada 14 noiembrie- 18 decembrie 2020, online.<br>\u00cen acest proiect, s-au str\u00e2ns juc\u0103rii, c\u0103r\u021bi, ornamente de Cr\u0103ciun, pe care le-am scos la licita\u021bie pe facebook. Scopul acestui proiect este cump\u0103rarea de materiale didactice pentru terapia copiilor \u0219i sus\u021binerea pl\u0103\u021bi salariului a doi terapeu\u021bi \u0219i un asistent social . \u00cen urma proiectului s-a str\u00e2ns suma de 9656 lei.<br>Cursuri de perfec\u021bionare<br>Dou\u0103 dintre terapeutele noastre Cucui-Dinu\u021b Cristina \u0219i Oro\u0219an Flavia, au fost trimise la cursuri de specializare si anume: \u201cIntergrare senzorial\u0103- tehnici de recuperare\u201d cu d-na Dana Tair, specialist pe integrare senzorial\u0103 si \u201eTerapie comportamental\u0103 aplicat\u0103 la copii cu TSA\u201d cu d-na Daniela B\u0103l\u0103loi, pre\u0219edinta Help Autism Rom\u00e2nia. O a treia terapeut\u0103 a f\u0103cut doar cursul d-nei Daniela B\u0103l\u0103loi.<br>Totodat\u0103, fetele, au fost trimise pentru perfec\u021bionare o lun\u0103 de zile la UCOS Sibiu, \u00een urma parteneriatului cu UCOS.<br>Rezultate excep\u021bionale ob\u021binute<br>Beneficiarii s-au adaptat foarte repede cu noile terapeute. To\u021bi au evolu\u021bie favorabil\u0103.<br>II.Structura \u0219i modul de organizare<br>Asocia\u021bia Sf\u00e2ntul Casian este o asocia\u021bie format\u0103 din 5 p\u0103rin\u021bi ai unor copii diagnostica\u021bi cu autism.<br>Sediul asocia\u021biei este \u00een Media\u0219, str. Sebe\u0219ului nr.4, bl.31, sc.B, ap. 16, iar punctul de lucru este \u00een Media\u0219, nr. 1 Decembrie 1918 nr. 23A.<br>III. Serviciile acordate \u00een cadrul asocia\u021biei<br>Serviciile acordate de Centrul de zi pentru copii cu tulbur\u0103ri de spectru autist sunt:<br>-Evaluare complex\u0103<br>-Elaborare plan de interventie<br>-Indrumare catre alte servicii<br>-Consiliere social\u0103<br>-Informare<br>-Asisten\u021b\u0103 social\u0103<br>-Consiliere psihologica<br>-Logopedie<br>-Terapie de integrare senzoriala<br>-Kinetoterapie<br>-Psihopedagogie<br>-Educare pentru activitati de viata independent\u0103<br>-Socializare, activitati culturale si de petrecere a timpului liber.<br>Num\u0103rul de cabinet existente \u00een centru sunt 9 \u0219i anume:<br>-cabinet psihopedagogic\/psihologic \u2013 2,<br>-cabinet logopedic -1,<br>-cabinet asistent social -1,<br>-cabinet kinetoterapie \u2013 1,<br>-cabinet terapie senzorial\u0103 -1,<br>-cabinet sal\u0103 de lumini -1,<\/p>\n\n\n\n<ul class=\"wp-block-list\"><li>sal\u0103 socializare -1,<br>-sal\u0103 terapie de grup -1.<br>IV.Num\u0103rul de beneficiari<br>\u00cen momentul de fa\u021b\u0103 \u00een centru sunt \u00eenscri\u0219i 17 beneficiari cu v\u00e2rste cuprinse \u00eentre 3 \u0219i 14 ani. To\u021bi copii au diagnosticul de autism\/ tulbu\u0103ri din spectrul autist. Alte diagnostice pe l\u00e2ng\u0103 autism: hipoacuzie, insuficien\u021b\u0103 renal\u0103, tetraparez\u0103. Din municipiul Media\u0219 sunt 13 beneficiari, din jude\u021b sunt 3 beneficiari, iar din alte jude\u021be 1 beneficiar, jud. Mure\u0219.<br>Pe lista de a\u0219teptare avem 4 copii: 1 din Media\u0219 \u0219i 3 din jude\u021b( Ag\u00e2rbiciu, Cop\u0219a Mic\u0103 \u0219i Mo\u0219na).<br>V.Procedura de admitere<br>Procedura de admitere a beneficiarilor \u00een Asocia\u021bia \u201dSf\u00e2ntul Casian Media\u0219\u201d, Centru de zi pentru copii cu tulburari de spectru autist, conform Ordinului nr. 27\/2019 privind aprobarea standardelor minime de calitate pentru serviciile sociale de zi destinate copiilor.<br>Scop<br>Cunoa\u0219terea modului \u00een care se face admiterea beneficiarilor \u00een centrul de zi, Asocia\u021bia \u201dSf\u00e2ntul Casian Media\u0219\u201d<br>Procedura<br>Centrul de zi \u201dSf\u00e2ntul Casian Media\u0219\u201dare rolul \u0219i responsabilitatea de a asigura desf\u0103\u0219urarea acestei activit\u0103\u021bi \u00een conformitate cu prevederile legale.<br>Personalul de specialitate\/echipa multidisciplinara din cadrul Centrului de zi \u201dSf\u00e2ntul Casian Media\u0219\u201d are obliga\u021bia de a r\u0103spunde tuturor solicit\u0103rilor, cu respectarea urm\u0103toarelor criterii:<\/li><li>Copilul s\u0103 aib\u0103 v\u00e2rsta cuprins\u0103 \u00eentre 2-16 ani;<\/li><li>Copilul s\u0103 aib\u0103 un certificat medical care s\u0103 ateste diagnostic de autism \/o tulburare din spectrul autist\/<br>Clien\u021bii se pot adresa:<\/li><li>\u00cen mod direct;<\/li><li>Prin referire din partea SEC (Serviciul de Evaluare Complex\u0103) \u2013 \u00een baza planului de servicii personalizat<\/li><li>Prin referire din partea altor organiza\u021bii\/institu\u021bii relevante.<br>\u00cen situatia solicit\u0103rilor directe sau din partea altor organiza\u021bii\/institu\u021bii relevente, asistentul social anun\u021b\u0103 SEC \u00een vederea evalu\u0103rii complexe a copilului \u0219i lu\u0103rii m\u0103surii corespunz\u0103toare, cu scopul prevenirii abandonului \u0219i institu\u021bionaliz\u0103rii copilului.<br>Lista principalelor activit\u0103\u021bi de care depinde activitatea procedural\u0103:<\/li><li>Completarea de c\u0103tre p\u0103rinte\/reprezentant legal a unui formular prin care solicit\u0103 evaluare ini\u021biala \u00een cadrul Centrului de zi \u201dSf\u00e2ntul Casian Media\u0219\u201d.<\/li><li>\u00cenregistrarea formularului de evaluare ini\u021bial\u0103 a copiilor \u00een cadrul listei de a\u0219teptare a Centrului de zi \u201dSf\u00e2ntul Casian Media\u0219\u201d, de c\u0103tre asistentul social. Acesta va prelua \u0219i documentele necesare \u00eentocmirii dosarului de evaluare ini\u021bial\u0103 a beneficiarului:<br>\uf0b7 Copie dup\u0103 documente de identitate ale parin\u021bilor\/reprezentan\u021bi legali;<br>\uf0b7 Copie dup\u0103 Certificatul de C\u0103s\u0103torie (dac\u0103 exist\u0103) sau, dup\u0103 caz, sentin\u021ba de divor\u021b;<br>\uf0b7 Copie dup\u0103 Certificatul de Na\u0219tere al copilului;<br>\uf0b7 Copie dup\u0103 Certificatul medical care atest\u0103 diagnosticul copilului;<br>\uf0b7 Copie dup\u0103 Certificatul de \u00eencadrare a copilului \u00eentr-un grad de handicap \u0219i Planul de Recuperare\/Servicii (dac\u0103 exist\u0103);<br>\uf0b7 Copie dup\u0103 Certificatul medical care atest\u0103 diagnosticul de autism al copilului (pentru centrul Sf\u00e2ntul Casian.<\/li><li>\u00centocmirea anchetei sociale de c\u0103tre asistentul social sau de c\u0103tre autorit\u0103\u021biile publice.<\/li><li>\u00centocmirea unui referat privind acordarea de servicii sociale \u00een cadrul Centrului de zi \u201dSf\u00e2ntul Casian Media\u0219\u201d, catre \u0219eful centrului \u0219i \u00eenaintarea acestuia Pre\u0219edintelui Asocia\u021biei.<\/li><li>Emiterea unei decizii privind acordarea de servicii sociale \u00een cadrul Centrului \u201dSf\u00e2ntul Casian Media\u0219\u201d, de catre Pre\u0219edintele Asocia\u021biei \u201dSf\u00e2ntul Casian Media\u0219\u201d (plus partenerii Asocia\u021biei).<\/li><li>Semnarea Contractului pentru acordarea de servicii sociale \u00een cadrul Centrului de zi pentru Tulburari de spectru autism \u201dSf\u00e2ntul Casian Media\u0219\u201d, (identificare \u0219i evaluare, consiliere psihologic\u0103, consiliere social\u0103, costul serviciilor de evaluare ini\u021bial\u0103 etc.) de c\u0103tre Pre\u0219edintele Asocia\u021biei, coordonatirul centrului de zi pentru copii cu tulbiurari din specreu autist (plus partenerii Asocia\u021biei \u201dSf\u00e2ntul Casian Media\u0219\u201d) \u0219i parinte\/reprezentant legal.<\/li><li>Stabilirea perioadei de evaluare, \u00een func\u021bie de num\u0103rul copiilor \u00eenscri\u0219i pe lista de a\u0219teptare, programul activit\u0103\u021bilor de terapie \u0219i recuperare \u0219i gradul de ocupare al personalului de specialitate din cadrul Centrului de zi pentru tulburari de spectru autism Asocia\u021bia \u201dSf\u00e2ntul Casian Media\u0219\u201d.<\/li><li>Evaluarea este efectuat\u0103 de echipa multidisciplinar\u0103: asistent social, psiholog, kinetoterapeut, psihopedagog, logoped.<\/li><li>Copii pot beneficia de serviciile centrului prin referire din partea serviciilor publice de asisten\u021b\u0103 social\u0103 de la nivel jue\u021bian \u0219i local, a organismelor private autorizate sau a altor organiza\u021bii\/institu\u021bii relevante.<\/li><li>Referirea din partea serviciilor publice de asisten\u0103 social\u0103 de la nivelul unit\u0103\u021bilor administrative teritoriale, denumite \u00een continuare UAT, se realizeaz\u0103 \u00een baza planului de servicii \u00eentocnit de aceasta.<\/li><li>\u00cen situa\u021bia solicit\u0103riilor directe sau a referirilor din partea altor organiza\u021bii sau institu\u021bii relevante, centrul solicit\u0103 serviciului public de asisten\u021b\u0103 social\u0103 efectuarea cel pu\u021bin a anchetei sociale la domiciliul copilului.<\/li><li>Stabilirea programului\/orarului evaluarii multidisciplinare de catre echipa multidisciplinar\u0103 \u00een colaborare cu p\u0103rintele\/reprezentantul legal al copilului.<\/li><li>\u00centocmirea Raportului de evaluare ini\u021bial\u0103 se face de catre asistentul social\/responsabilul de caz, pornind de la cererea depus\u0103 de p\u0103rinte \u0219i con\u021bine recomand\u0103ri privind evaluarea ini\u021bial\u0103 sau referire c\u0103tre alte servicii.<\/li><li>\u00centocmirea fi\u0219ei de evaluare este un proces care runeste toti membrii echipei multidisciplinare \u0219i descrie detaliat, pe arii de dezvoltare, achizi\u021biile copilului la momentul evalu\u0103rii, punctele forte \u0219i interesele.<\/li><li>Realizarea PPI se face \u00een echip\u0103 multidisciplinar\u0103 de catre to\u021bi membrii implica\u021bi in procesul de evaluare, pe baza fi\u0219ei de evaluae \u0219i cupinde obiective realiste, adaptate nivelului global \u0219i utile pentru dezvoltarea optim\u0103 a copilului, pornind de la punctele forte \u0219i interesele manifestate de copil \u00een perioada evalu\u0103rii.<\/li><li>\u00centocmirea raportului de evaluare detaliat\u0103 se face de c\u0103tre asistentul social\/responsabilul de caz, \u00een urma discu\u021biei cu echipa multidisciplinar\u0103 \u0219i cu familia.<\/li><li>Prezentarea evalu\u0103rii \u0219i a PPI se face \u00een cadrul unei \u00eent\u00e2lniri a echipei multidisciplinare cu p\u0103rin\u021bii\/reprezentan\u021bii legali, care sunt informa\u021bi cu privire la rezultatele evalu\u0103rii, con\u021binutul PPI \u0219i rolul care le revine \u00een demersul terapeutic.<br>Admitrea beneficiarilor se face \u00een ordinea cronologic\u0103 a depunerii formularelor de evaluare ini\u021bial\u0103, \u00een urma consult\u0103rii \u0219efului de centru cu echipa multidisciplinar\u0103 privind nevoile de recuperare ale copiilor (rezultate \u00een urma evalu\u0103rii ini\u021bale), \u00een func\u021bie de gradul de ocupare a locurilor \u00een cadrul Centrului de zi pentru copii cu tulburari de spectru autism.<br>Diseminare<br>Procedura se disemineaz\u0103 speciali\u0219tilor, copiilor, familiilor\/reprezentan\u021bilor legali, principalilor parteneri, comunit\u0103\u021bii.<br>Documente<br>Formular de solicitare a evalu\u0103rii ini\u021biale, referat, decizie, contract pentru acordarea de servicii, ancheta social\u0103, fi\u0219a de evaluare ini\u021bial\u0103, raport de evaluare ini\u021bial\u0103, raport de evaluare detaliat\u0103, PPI, rapoarte de \u00eentrevedere, dosar social (dosar personal, dosar de servicii).<br>VI. Resurse umane<br>Centrul func\u021bioneaz\u0103 cu urm\u0103torul personal:<br>-Cucui-Dinu\u021b Cristina-psihoterapeut (studii superioare)-angajat\u0103 la 8 ore de DGASPC Sibiu \u00een urma parteneriatului cu Consiliul Jude\u021bean Sibiu,<br>-Oro\u0219an Flavia \u2013 logoped (studii superioare )- angajat\u0103 la 8 ore de DGASPC Sibiu \u00een urma parteneriatului cu Consiliul Jude\u021bean Sibiu,<br>-H\u0103r\u0103ngu\u0219 Loredana \u2013 kinetoterapeut (studii superioare)- angajat\u0103 la 8 ore de DAS Media\u0219 \u00een urma parteneriatului cu Consiliul Jude\u021bean Sibiu,<br>-M\u0103ce\u0219anu Ana \u2013 psihopedagog (studii superioare) \u2013 angajat\u0103 la 4 ore de c\u0103tre Asocia\u021bia Sf\u00e2ntul Casian,<br>-B\u0103cel Tania \u2013 asistent social (studii superioare) &#8211; angajat\u0103 la 4 ore de c\u0103tre Asocia\u021bia Sf\u00e2ntul Casian,<br>-Barna Adrian Ioan \u2013 \u0219ef centru &#8211; angajat la 8 ore de c\u0103tre Asocia\u021bia Sf\u00e2ntul Casian,<br>-Barna Adriana Otilia \u2013 contabil (studii superioare) \u2013 voluntar,<br>-Barbu Mirela \u2013 expert contabil (studii superioare) \u2013 voluntar,<br>-p\u0103rin\u021bii beneficiariilor \u2013to\u021bi voluntari- se ocup\u0103 de tot ce \u021bine de \u00eentre\u021binerea centrului.<br>VII.Contribu\u021bia Consiliului Jude\u021bean Sibiu<br>\u00cen urma parteneriatului cu Consiliul Jude\u021bean Sibiu, avem:<\/li><li>Spa\u021biul, situat la etajul 1 al cl\u0103diri din Media\u0219, str. 1 Decembrie 1918, nr. 23 A,<\/li><li>Utilit\u0103\u021bi pl\u0103tite de CJ Sibiu,<\/li><li>2 terapeu\u021bi angaja\u021bi de DGASPC Sibiu \u0219i deta\u0219a\u021bi la centru,<\/li><li>1 terapeut angajat de DAS Media\u0219 \u0219i deta\u0219at la centru.<br>VIII.Surse de finan\u021bare<br>Sursele de finan\u021bare ale asocia\u021biei sunt:<br>-Buget jude\u021bean \u2013 2 posturi,<br>-Buget local \u2013 un post<br>-fonduri proprii \u2013 sunt formate din: sponsoriz\u0103ri \u0219i dona\u021bii (formulare 230, donarea a 20% din impozit pe profit al societ\u0103\u021biilor, alte dona\u021bii \u0219i sponsoriz\u0103ri de la cet\u0103\u021beni).<\/li><li>Asocia\u021bia nu cere nici o tax\u0103, beneficiarii nu pl\u0103tesc nimic, nici pentru \u00eenscrierea \u00een asocia\u021bie,nici pentru terapie.<br>XIX.Colaborarea cu al\u021bi parteneri<br>Asocia\u021bia are contract de colaborare cu Funda\u021bia \u201eUn copil o speran\u021b\u0103 \u201e (UCOS Sibiu), prin care ne ajut\u0103 cu tot ce e legat de acte \u0219i ne ofer\u0103 sericiul de evaluare al beneficiariilor, p\u00e2n\u0103 la momentul \u00een care vom avea echipa complet\u0103 pentru a putea face noi evalu\u0103riile.<br>XX.Rezultate ob\u021binute pe anul 2020<br>Din sponsoriz\u0103riile \u0219i dona\u021biile ob\u021binute \u00een anul 2020 am reu\u0219it s\u0103 angaj\u0103m \u00een luna septembrie un asistent social la 4 ore \u0219i un psihoterapeut la 4 ore. \u00cencep\u00e2nd cu luna noiembrie, am angajat \u0219i un \u0219ef centru, deoarece era nevoie de o persoan\u0103 s\u0103 rezolve tot timpul problemele asocia\u021biei.<br>Din dona\u021biile ob\u021binute la proiectul \u201cPia\u021ba de fericire editia I\u201d, desf\u0103\u0219urat\u0103 anul trecut \u00een luna iulie, am reu\u0219it anul acesta s\u0103 renov\u0103m \u0219i s\u0103 amenaj\u0103m spa\u021biul \u0219i s\u0103 facem o evaluare pe parte senzorial\u0103 cu d-na Dana Tair, specialist\u0103 \u00een terapie de integrare senzorial\u0103, deoarece majoritatea copiilor sunt desincroniza\u021bi senzorial. \u00cen urma acesteia am primit plan de interven\u021bie.<br>O dona\u021bie substan\u021bial\u0103 am primit de la o societate din orasul Media\u0219, din care am reu\u0219it s\u0103 amenaj\u0103m sala de lumini, sala de kineto, sala de integrare senzorial\u0103 \u0219i sala de socializare (hamace, trambulin\u0103 cu plas\u0103, piscin\u0103 cu bile, topogan interior, covoare, \u0219palier etc.)<br>Tot din sponsoriz\u0103ri, am reu\u0219it s\u0103 dot\u0103m fiecare sal\u0103 de terapie cu materiale didactice.<br>\u00cen luna septembrie, am adus la Media\u0219, echipa de evaluare de la UCOS Sibiu, pentru o s\u0103pt\u0103m\u00e2n\u0103. \u00cen aceast\u0103 s\u0103pt\u0103m\u00e2n\u0103, 17 beneficiari au fost evalua\u021bi pe parte logopedic\u0103, psihologic\u0103 \u0219i senzorial\u0103, iar terapeutelor noastre li s-a ar\u0103tat \u0219i explicat cum se face o evaluare, cu scopul, ca pe viitor s\u0103 poat\u0103 face chiar ele evalu\u0103riile.<br>\u00cen luna februarie aveam 12 beneficiari \u00eenscri\u0219i \u00een asocia\u021bie, iar \u00een luna decembrie avem 17; 4 copii fiind pe lista de a\u0219teptare.<br>Rezultatele terapiei asupra beneficiariilor nu au \u00eent\u00e2rziat s\u0103 apar\u0103. Avem copii, care erau non-verbali, iar acum repet\u0103 cuvinte sau chiar au \u00eenv\u0103\u021bat s\u0103 spun\u0103 prin cuvinte ce \u00ee\u0219i doresc. Copii s-au adaptat foarte bine cu noile terapeute \u0219i vin cu pl\u0103cere la centru.<\/li><\/ul>\n","protected":false},"excerpt":{"rendered":"<p>Raport de activitate pentru anul 2020I.Scurt istoricAsocia\u021bia Sf\u00e2ntul Casian este o asocia\u021bie \u00eenfiin\u021bat\u0103 \u00een anul 2018 din 5 p\u0103rin\u021bi ai unor copii diagnostica\u021bi cu autism.Misiunea acestei asocia\u021bii este de a recupera prin terapie c\u00e2t mai mul\u021bi copii cu diagnostic din spectru autist. Pentru a reu\u0219i acest lucru, asocia\u021bia Sf\u00e2ntul Casian a deschis un serviciu social &hellip; <\/p>\n<p class=\"link-more\"><a href=\"https:\/\/asca.ro\/ro\/raport-anual\/\" class=\"more-link\">Continue reading<span class=\"screen-reader-text\"> &#8222;Raport anual&#8221;<\/span><\/a><\/p>\n","protected":false},"author":2,"featured_media":0,"parent":0,"menu_order":0,"comment_status":"closed","ping_status":"closed","template":"","meta":{"give_campaign_id":0,"footnotes":""},"class_list":["post-927","page","type-page","status-publish","hentry"],"campaignId":"","_links":{"self":[{"href":"https:\/\/asca.ro\/ro\/wp-json\/wp\/v2\/pages\/927","targetHints":{"allow":["GET"]}}],"collection":[{"href":"https:\/\/asca.ro\/ro\/wp-json\/wp\/v2\/pages"}],"about":[{"href":"https:\/\/asca.ro\/ro\/wp-json\/wp\/v2\/types\/page"}],"author":[{"embeddable":true,"href":"https:\/\/asca.ro\/ro\/wp-json\/wp\/v2\/users\/2"}],"replies":[{"embeddable":true,"href":"https:\/\/asca.ro\/ro\/wp-json\/wp\/v2\/comments?post=927"}],"version-history":[{"count":5,"href":"https:\/\/asca.ro\/ro\/wp-json\/wp\/v2\/pages\/927\/revisions"}],"predecessor-version":[{"id":957,"href":"https:\/\/asca.ro\/ro\/wp-json\/wp\/v2\/pages\/927\/revisions\/957"}],"wp:attachment":[{"href":"https:\/\/asca.ro\/ro\/wp-json\/wp\/v2\/media?parent=927"}],"curies":[{"name":"wp","href":"https:\/\/api.w.org\/{rel}","templated":true}]}}