{"id":575,"date":"2020-08-12T13:16:30","date_gmt":"2020-08-12T13:16:30","guid":{"rendered":"http:\/\/asca.ro\/?page_id=575"},"modified":"2023-03-04T00:59:43","modified_gmt":"2023-03-03T22:59:43","slug":"evenimente","status":"publish","type":"page","link":"https:\/\/asca.ro\/ro\/evenimente\/","title":{"rendered":"Evenimente"},"content":{"rendered":"\n<h6 class=\"wp-block-heading\"><strong>Evenimente Asociatia Sfantul Casian Medias:<\/strong><\/h6>\n\n\n\n<ul class=\"wp-block-list\">\n<li><strong><a href=\"https:\/\/maratonsibiu.ro\/ajuta-ma-sa-pot-urca-23466\/?fbclid=IwAR2Spl0k7OJJ1K4tMDZspptR1FmDigJ-ZMEHkiOe4zJjzLoxNiHz7FhYTlg#\" data-type=\"URL\" data-id=\"https:\/\/maratonsibiu.ro\/ajuta-ma-sa-pot-urca-23466\/?fbclid=IwAR2Spl0k7OJJ1K4tMDZspptR1FmDigJ-ZMEHkiOe4zJjzLoxNiHz7FhYTlg#\" target=\"_blank\" rel=\"noreferrer noopener\">Maraton Interna\u021bional Sibiu 2023 &#8211; Ajut\u0103m\u0103 S\u0103 Pot Urca<\/a><\/strong><\/li>\n<\/ul>\n\n\n\n<ul class=\"wp-block-list\">\n<li><a href=\"https:\/\/asca.ro\/foto\/\"><span class=\"has-inline-color has-black-color\"><strong>Piata de fericire editia 1<\/strong><\/span><\/a><\/li>\n<\/ul>\n\n\n\n<ul class=\"wp-block-list\">\n<li><strong><a href=\"https:\/\/asca.ro\/parteneri\/\"><span class=\"has-inline-color has-black-color\">Piata de fericire editia 2<\/span><\/a><\/strong><\/li>\n<\/ul>\n\n\n\n<ul class=\"wp-block-list\">\n<li><strong><a href=\"https:\/\/asca.ro\/ro\/fdsc-e-distributie-muntenia\/\"><span class=\"has-inline-color has-black-color\">Program sprijinit de fundatia pentru dezvoltarea societatii (FDSC) si E-Distributie Muntenia<\/span><\/a><\/strong><\/li>\n<\/ul>\n\n\n\n<p><\/p>\n","protected":false},"excerpt":{"rendered":"<p>Evenimente Asociatia Sfantul Casian Medias:<\/p>\n","protected":false},"author":2,"featured_media":0,"parent":0,"menu_order":0,"comment_status":"closed","ping_status":"closed","template":"","meta":{"give_campaign_id":0,"footnotes":""},"class_list":["post-575","page","type-page","status-publish","hentry"],"campaignId":"","_links":{"self":[{"href":"https:\/\/asca.ro\/ro\/wp-json\/wp\/v2\/pages\/575","targetHints":{"allow":["GET"]}}],"collection":[{"href":"https:\/\/asca.ro\/ro\/wp-json\/wp\/v2\/pages"}],"about":[{"href":"https:\/\/asca.ro\/ro\/wp-json\/wp\/v2\/types\/page"}],"author":[{"embeddable":true,"href":"https:\/\/asca.ro\/ro\/wp-json\/wp\/v2\/users\/2"}],"replies":[{"embeddable":true,"href":"https:\/\/asca.ro\/ro\/wp-json\/wp\/v2\/comments?post=575"}],"version-history":[{"count":9,"href":"https:\/\/asca.ro\/ro\/wp-json\/wp\/v2\/pages\/575\/revisions"}],"predecessor-version":[{"id":1241,"href":"https:\/\/asca.ro\/ro\/wp-json\/wp\/v2\/pages\/575\/revisions\/1241"}],"wp:attachment":[{"href":"https:\/\/asca.ro\/ro\/wp-json\/wp\/v2\/media?parent=575"}],"curies":[{"name":"wp","href":"https:\/\/api.w.org\/{rel}","templated":true}]}}