{"id":558,"date":"2020-08-08T17:03:59","date_gmt":"2020-08-08T17:03:59","guid":{"rendered":"http:\/\/asca.ro\/?page_id=558"},"modified":"2020-09-27T06:40:15","modified_gmt":"2020-09-27T06:40:15","slug":"alee-senzoriala","status":"publish","type":"page","link":"https:\/\/asca.ro\/ro\/alee-senzoriala\/","title":{"rendered":"Alee Senzoriala"},"content":{"rendered":"<p><img loading=\"lazy\" decoding=\"async\" class=\"size-medium wp-image-628 alignright\" src=\"http:\/\/asca.ro\/wp-content\/uploads\/2020\/09\/IMG_20200829_102139-225x300.jpg\" alt=\"\" width=\"225\" height=\"300\" srcset=\"https:\/\/asca.ro\/wp-content\/uploads\/2020\/09\/IMG_20200829_102139-225x300.jpg 225w, https:\/\/asca.ro\/wp-content\/uploads\/2020\/09\/IMG_20200829_102139-768x1024.jpg 768w, https:\/\/asca.ro\/wp-content\/uploads\/2020\/09\/IMG_20200829_102139-1152x1536.jpg 1152w, https:\/\/asca.ro\/wp-content\/uploads\/2020\/09\/IMG_20200829_102139-1536x2048.jpg 1536w, https:\/\/asca.ro\/wp-content\/uploads\/2020\/09\/IMG_20200829_102139-1024x1365.jpg 1024w, https:\/\/asca.ro\/wp-content\/uploads\/2020\/09\/IMG_20200829_102139-810x1080.jpg 810w, https:\/\/asca.ro\/wp-content\/uploads\/2020\/09\/IMG_20200829_102139-scaled.jpg 1920w\" sizes=\"auto, (max-width: 225px) 100vw, 225px\" \/><\/p>\n<p><img loading=\"lazy\" decoding=\"async\" class=\"size-medium wp-image-629 alignleft\" src=\"http:\/\/asca.ro\/wp-content\/uploads\/2020\/09\/IMG_20200829_132918-300x225.jpg\" alt=\"\" width=\"300\" height=\"225\" srcset=\"https:\/\/asca.ro\/wp-content\/uploads\/2020\/09\/IMG_20200829_132918-300x225.jpg 300w, https:\/\/asca.ro\/wp-content\/uploads\/2020\/09\/IMG_20200829_132918-1024x768.jpg 1024w, https:\/\/asca.ro\/wp-content\/uploads\/2020\/09\/IMG_20200829_132918-768x576.jpg 768w, https:\/\/asca.ro\/wp-content\/uploads\/2020\/09\/IMG_20200829_132918-1536x1152.jpg 1536w, https:\/\/asca.ro\/wp-content\/uploads\/2020\/09\/IMG_20200829_132918-2048x1536.jpg 2048w, https:\/\/asca.ro\/wp-content\/uploads\/2020\/09\/IMG_20200829_132918-1440x1080.jpg 1440w\" sizes=\"auto, (max-width: 300px) 100vw, 300px\" \/><\/p>\n<p><img loading=\"lazy\" decoding=\"async\" class=\"size-medium wp-image-630 alignnone\" src=\"http:\/\/asca.ro\/wp-content\/uploads\/2020\/09\/IMG_20200829_132904-225x300.jpg\" alt=\"\" width=\"225\" height=\"300\" srcset=\"https:\/\/asca.ro\/wp-content\/uploads\/2020\/09\/IMG_20200829_132904-225x300.jpg 225w, https:\/\/asca.ro\/wp-content\/uploads\/2020\/09\/IMG_20200829_132904-768x1024.jpg 768w, https:\/\/asca.ro\/wp-content\/uploads\/2020\/09\/IMG_20200829_132904-1152x1536.jpg 1152w, https:\/\/asca.ro\/wp-content\/uploads\/2020\/09\/IMG_20200829_132904-1536x2048.jpg 1536w, https:\/\/asca.ro\/wp-content\/uploads\/2020\/09\/IMG_20200829_132904-1024x1365.jpg 1024w, https:\/\/asca.ro\/wp-content\/uploads\/2020\/09\/IMG_20200829_132904-810x1080.jpg 810w, https:\/\/asca.ro\/wp-content\/uploads\/2020\/09\/IMG_20200829_132904-scaled.jpg 1920w\" sizes=\"auto, (max-width: 225px) 100vw, 225px\" \/><\/p>\n<p><img loading=\"lazy\" decoding=\"async\" class=\"size-medium wp-image-631 alignright\" src=\"http:\/\/asca.ro\/wp-content\/uploads\/2020\/09\/IMG_20200829_123347-225x300.jpg\" alt=\"\" width=\"225\" height=\"300\" srcset=\"https:\/\/asca.ro\/wp-content\/uploads\/2020\/09\/IMG_20200829_123347-225x300.jpg 225w, https:\/\/asca.ro\/wp-content\/uploads\/2020\/09\/IMG_20200829_123347-768x1024.jpg 768w, https:\/\/asca.ro\/wp-content\/uploads\/2020\/09\/IMG_20200829_123347-1152x1536.jpg 1152w, https:\/\/asca.ro\/wp-content\/uploads\/2020\/09\/IMG_20200829_123347-1536x2048.jpg 1536w, https:\/\/asca.ro\/wp-content\/uploads\/2020\/09\/IMG_20200829_123347-1024x1365.jpg 1024w, https:\/\/asca.ro\/wp-content\/uploads\/2020\/09\/IMG_20200829_123347-810x1080.jpg 810w, https:\/\/asca.ro\/wp-content\/uploads\/2020\/09\/IMG_20200829_123347-scaled.jpg 1920w\" sizes=\"auto, (max-width: 225px) 100vw, 225px\" \/><\/p>\n<p><img loading=\"lazy\" decoding=\"async\" class=\"size-medium wp-image-632 alignright\" src=\"http:\/\/asca.ro\/wp-content\/uploads\/2020\/09\/118765932_3425059874221978_3627272948501444258_o-200x300.jpg\" alt=\"\" width=\"200\" height=\"300\" srcset=\"https:\/\/asca.ro\/wp-content\/uploads\/2020\/09\/118765932_3425059874221978_3627272948501444258_o-200x300.jpg 200w, https:\/\/asca.ro\/wp-content\/uploads\/2020\/09\/118765932_3425059874221978_3627272948501444258_o-682x1024.jpg 682w, https:\/\/asca.ro\/wp-content\/uploads\/2020\/09\/118765932_3425059874221978_3627272948501444258_o-768x1152.jpg 768w, https:\/\/asca.ro\/wp-content\/uploads\/2020\/09\/118765932_3425059874221978_3627272948501444258_o-720x1080.jpg 720w, https:\/\/asca.ro\/wp-content\/uploads\/2020\/09\/118765932_3425059874221978_3627272948501444258_o.jpg 819w\" sizes=\"auto, (max-width: 200px) 100vw, 200px\" \/><img loading=\"lazy\" decoding=\"async\" class=\"alignnone size-medium wp-image-627\" src=\"http:\/\/asca.ro\/wp-content\/uploads\/2020\/09\/118765791_3425064614221504_8013466480929048353_o-200x300.jpg\" alt=\"\" width=\"200\" height=\"300\" srcset=\"https:\/\/asca.ro\/wp-content\/uploads\/2020\/09\/118765791_3425064614221504_8013466480929048353_o-200x300.jpg 200w, https:\/\/asca.ro\/wp-content\/uploads\/2020\/09\/118765791_3425064614221504_8013466480929048353_o-682x1024.jpg 682w, https:\/\/asca.ro\/wp-content\/uploads\/2020\/09\/118765791_3425064614221504_8013466480929048353_o-768x1152.jpg 768w, https:\/\/asca.ro\/wp-content\/uploads\/2020\/09\/118765791_3425064614221504_8013466480929048353_o-720x1080.jpg 720w, https:\/\/asca.ro\/wp-content\/uploads\/2020\/09\/118765791_3425064614221504_8013466480929048353_o.jpg 819w\" sizes=\"auto, (max-width: 200px) 100vw, 200px\" \/><img loading=\"lazy\" decoding=\"async\" class=\"alignnone size-medium wp-image-626\" src=\"http:\/\/asca.ro\/wp-content\/uploads\/2020\/09\/118785585_3425064684221497_36964090855292444_o-200x300.jpg\" alt=\"\" width=\"200\" height=\"300\" srcset=\"https:\/\/asca.ro\/wp-content\/uploads\/2020\/09\/118785585_3425064684221497_36964090855292444_o-200x300.jpg 200w, https:\/\/asca.ro\/wp-content\/uploads\/2020\/09\/118785585_3425064684221497_36964090855292444_o-682x1024.jpg 682w, https:\/\/asca.ro\/wp-content\/uploads\/2020\/09\/118785585_3425064684221497_36964090855292444_o-768x1152.jpg 768w, https:\/\/asca.ro\/wp-content\/uploads\/2020\/09\/118785585_3425064684221497_36964090855292444_o-720x1080.jpg 720w, https:\/\/asca.ro\/wp-content\/uploads\/2020\/09\/118785585_3425064684221497_36964090855292444_o.jpg 819w\" sizes=\"auto, (max-width: 200px) 100vw, 200px\" \/><\/p>\n<p><img loading=\"lazy\" decoding=\"async\" class=\"size-medium wp-image-625\" src=\"http:\/\/asca.ro\/wp-content\/uploads\/2020\/09\/IMG_20200829_123049-225x300.jpg\" alt=\"\" width=\"225\" height=\"300\" srcset=\"https:\/\/asca.ro\/wp-content\/uploads\/2020\/09\/IMG_20200829_123049-225x300.jpg 225w, https:\/\/asca.ro\/wp-content\/uploads\/2020\/09\/IMG_20200829_123049-768x1024.jpg 768w, https:\/\/asca.ro\/wp-content\/uploads\/2020\/09\/IMG_20200829_123049-1152x1536.jpg 1152w, https:\/\/asca.ro\/wp-content\/uploads\/2020\/09\/IMG_20200829_123049-1536x2048.jpg 1536w, https:\/\/asca.ro\/wp-content\/uploads\/2020\/09\/IMG_20200829_123049-1024x1365.jpg 1024w, https:\/\/asca.ro\/wp-content\/uploads\/2020\/09\/IMG_20200829_123049-810x1080.jpg 810w, https:\/\/asca.ro\/wp-content\/uploads\/2020\/09\/IMG_20200829_123049-scaled.jpg 1920w\" sizes=\"auto, (max-width: 225px) 100vw, 225px\" \/><\/p>\n<p><img loading=\"lazy\" decoding=\"async\" class=\"size-medium wp-image-624 alignright\" src=\"http:\/\/asca.ro\/wp-content\/uploads\/2020\/09\/118765504_3425059840888648_7498301059558488640_o-200x300.jpg\" alt=\"\" width=\"200\" height=\"300\" srcset=\"https:\/\/asca.ro\/wp-content\/uploads\/2020\/09\/118765504_3425059840888648_7498301059558488640_o-200x300.jpg 200w, https:\/\/asca.ro\/wp-content\/uploads\/2020\/09\/118765504_3425059840888648_7498301059558488640_o-682x1024.jpg 682w, https:\/\/asca.ro\/wp-content\/uploads\/2020\/09\/118765504_3425059840888648_7498301059558488640_o-768x1152.jpg 768w, https:\/\/asca.ro\/wp-content\/uploads\/2020\/09\/118765504_3425059840888648_7498301059558488640_o-720x1080.jpg 720w, https:\/\/asca.ro\/wp-content\/uploads\/2020\/09\/118765504_3425059840888648_7498301059558488640_o.jpg 819w\" sizes=\"auto, (max-width: 200px) 100vw, 200px\" \/><\/p>\n<p style=\"text-align: center;\"><span style=\"color: #ff0000;\"><strong>Antreneaz\u0103-te \u00een fapte bune!<\/strong><\/span><\/p>\n<p><span style=\"color: #ff0000;\"><strong>Crucea Ro\u015fie Media\u015f<\/strong><\/span> \u00ee\u015fi propune amenajarea unei alei senzoriale pentru copiii cu autism, \u00een incinta <strong><span style=\"color: #ff0000;\">Centrului de zi pentru copii cu<\/span> <span style=\"color: #ff0000;\">tulbur\u0103ri din spectrul autist Sf\u00e2ntul Casian<\/span><\/strong><span style=\"color: #ff0000;\"> din Media\u015f,<\/span> cu o lungime de ~30 de metri, realizate cu materiale naturale, unde drume\u0163ia \u00een picioarele goale pe por\u021biuni cu nisip, pietri\u015f de diferite m\u0103rimi \u0219i forme, conuri de brad, scoar\u021b\u0103 de copac, rumegu\u015f, bu\u015fteni, iarb\u0103 \u0219i coceni de porumb etc, s\u0103 fie o modalitate de relaxare \u015fi terapie pentru ace\u015ftia. \u00cen t\u0103lpi exist\u0103 \u00a07.200 de termina\u021bii nervoase ce sunt conectate la toate p\u0103r\u021bile corpului. Aceste leg\u0103turi sunt procesate prin coloana vertebral\u0103 \u0219i creier. Prin masajul t\u0103lpilor durerile \u0219i stresul se atenueaz\u0103, iar organismul intr\u0103 \u00eentr-o stare de confort.<\/p>\n<p>Sus\u0163ine <span style=\"color: #ff0000;\"><strong>Crucea Ro\u0219ie Media\u0219<\/strong> <\/span>\u015fi hai s\u0103 aducem speran\u0163\u0103 \u00een via\u0163a copiiilor cu autism.<br \/>\n<span style=\"color: #ff0000;\"><strong>Te po\u021bi implica \u0219i tu<\/strong><\/span>! Dac\u0103 nu te po\u021bi \u00eenscrie anul acesta la <span style=\"color: #ff0000;\"><strong>Sibiu Marathon<\/strong>,<\/span> te invit\u0103m s\u0103 sus\u0163ii alerg\u0103torii \u00eenscri\u015fi. Mai multe detalii g\u0103si\u021bi pe site-ul: <a href=\"http:\/\/maratonsibiu.ro\/inscriere-sustinator\/?fbclid=IwAR02KhaZZq7pdxmWFckpnAC2egeu_YMdeUG9enSD3X8BybHx3360EgXWQ1E\" data-ft=\"{&quot;tn&quot;:&quot;-U&quot;}\" data-lynx-mode=\"asynclazy\" data-lynx-uri=\"https:\/\/l.facebook.com\/l.php?u=http%3A%2F%2Fmaratonsibiu.ro%2Finscriere-sustinator%2F%3Ffbclid%3DIwAR02KhaZZq7pdxmWFckpnAC2egeu_YMdeUG9enSD3X8BybHx3360EgXWQ1E&amp;h=AT0uVNNfRQSLMTnfQVNqdKHIG6RbF434CBjZiSN-zMbfBSiu-pKPcd6ZnYOY5cdGV_uplSa4bj8O4ueWUffNqSosVSBG5ePNK4vE5ZbkRvkE5JKsTIW7McUmHHTTnP5h_CElxTPUPUAjkwTLfnYMZeE9bd1_kxDV\">http:\/\/maratonsibiu.ro\/inscriere-sustinator\/<\/a>#<br \/>\nOrice sum\u0103 ne ajut\u0103 s\u0103 fim mai aproape de visul nostru!<\/p>\n<p>Mul\u021bumim tuturor participan\u021bilor \u0219i sus\u021bin\u0103torilor! \u2764<img loading=\"lazy\" decoding=\"async\" class=\"size-medium wp-image-549 alignleft\" src=\"http:\/\/asca.ro\/wp-content\/uploads\/2020\/08\/Alee-senzoriala-1-298x300.jpg\" alt=\"\" width=\"298\" height=\"300\" srcset=\"https:\/\/asca.ro\/wp-content\/uploads\/2020\/08\/Alee-senzoriala-1-298x300.jpg 298w, https:\/\/asca.ro\/wp-content\/uploads\/2020\/08\/Alee-senzoriala-1-150x150.jpg 150w, https:\/\/asca.ro\/wp-content\/uploads\/2020\/08\/Alee-senzoriala-1.jpg 720w\" sizes=\"auto, (max-width: 298px) 100vw, 298px\" \/><\/p>\n","protected":false},"excerpt":{"rendered":"<p>Antreneaz\u0103-te \u00een fapte bune! Crucea Ro\u015fie Media\u015f \u00ee\u015fi propune amenajarea unei alei senzoriale pentru copiii cu autism, \u00een incinta Centrului de zi pentru copii cu tulbur\u0103ri din spectrul autist Sf\u00e2ntul Casian din Media\u015f, cu o lungime de ~30 de metri, realizate cu materiale naturale, unde drume\u0163ia \u00een picioarele goale pe por\u021biuni cu nisip, pietri\u015f de &hellip; <\/p>\n<p class=\"link-more\"><a href=\"https:\/\/asca.ro\/ro\/alee-senzoriala\/\" class=\"more-link\">Continue reading<span class=\"screen-reader-text\"> &#8222;Alee Senzoriala&#8221;<\/span><\/a><\/p>\n","protected":false},"author":2,"featured_media":0,"parent":0,"menu_order":0,"comment_status":"closed","ping_status":"closed","template":"","meta":{"give_campaign_id":0,"footnotes":""},"class_list":["post-558","page","type-page","status-publish","hentry"],"campaignId":"","_links":{"self":[{"href":"https:\/\/asca.ro\/ro\/wp-json\/wp\/v2\/pages\/558","targetHints":{"allow":["GET"]}}],"collection":[{"href":"https:\/\/asca.ro\/ro\/wp-json\/wp\/v2\/pages"}],"about":[{"href":"https:\/\/asca.ro\/ro\/wp-json\/wp\/v2\/types\/page"}],"author":[{"embeddable":true,"href":"https:\/\/asca.ro\/ro\/wp-json\/wp\/v2\/users\/2"}],"replies":[{"embeddable":true,"href":"https:\/\/asca.ro\/ro\/wp-json\/wp\/v2\/comments?post=558"}],"version-history":[{"count":4,"href":"https:\/\/asca.ro\/ro\/wp-json\/wp\/v2\/pages\/558\/revisions"}],"predecessor-version":[{"id":635,"href":"https:\/\/asca.ro\/ro\/wp-json\/wp\/v2\/pages\/558\/revisions\/635"}],"wp:attachment":[{"href":"https:\/\/asca.ro\/ro\/wp-json\/wp\/v2\/media?parent=558"}],"curies":[{"name":"wp","href":"https:\/\/api.w.org\/{rel}","templated":true}]}}