{"id":45,"date":"2019-10-20T15:26:42","date_gmt":"2019-10-20T15:26:42","guid":{"rendered":"http:\/\/asca.ro\/?page_id=45"},"modified":"2020-11-25T14:53:08","modified_gmt":"2020-11-25T14:53:08","slug":"piata-de-fericire-1","status":"publish","type":"page","link":"https:\/\/asca.ro\/ro\/piata-de-fericire-1\/","title":{"rendered":"Pia\u021ba de fericire edi\u021bia 1"},"content":{"rendered":"\n\n\n<div id=\"wp-block-themeisle-blocks-advanced-columns-d07840bb\" class=\"wp-block-themeisle-blocks-advanced-columns has-6-columns has-desktop-equal-layout has-tablet-equal-layout has-mobile-collapsedRows-layout has-default-gap has-vertical-unset\" style=\"border-radius: 0px; justify-content: unset; border: 0px solid #000000;\">\n<div class=\"wp-themeisle-block-overlay\" style=\"opacity: 0.5; mix-blend-mode: normal;\">\n<p style=\"text-align: center;\"><span style=\"color: #000000;\"><strong>Haide\u021bi la \u201ePia\u021ba de fericire\u201d! D\u0103ruim speran\u021b\u0103 copiilor cu autism.<\/strong><\/span><\/p>\n<p style=\"padding-left: 40px;\"><span style=\"color: #ff0000;\"><strong>Echipa USR PLUS Media\u0219 v\u0103 invit\u0103 s\u00e2mb\u0103t\u0103, 29.06.2019, la evenimentul \u201ePia\u021ba de fericire\u201d, \u00eentre orele 10 &#8211; 12, la Casa Schuller, s\u0103 participa\u021bi la campania de str\u00e2ngere de fonduri pentru Asocia\u021bia Sf\u00e2ntul Casian Media\u0219 \u0219i s\u0103 d\u0103rui\u021bi speran\u021b\u0103 copiilor cu autism.<\/strong><\/span><br><br><span style=\"color: #ff0000;\"><strong>C\u00e2nd am decis s\u0103 ne implic\u0103m \u00een politic\u0103 ne-am propus s\u0103 fim mai aproape de cet\u0103\u021beni \u0219i de nevoile lor, s\u0103 \u00eei ajut\u0103m \u0219i s\u0103 le fim prieteni. Invit\u0103m cet\u0103\u021benii \u0219i companiile s\u0103 se implice al\u0103turi de noi, s\u0103 fie parte a campaniei de sus\u021binere a Asocia\u021biei Sf\u00e2ntul Casian Media\u0219 pentru a ajuta copiii cu autism. Vom aduce c\u0103r\u021bi \u0219i juc\u0103rii care vor fi cump\u0103rate simbolic de c\u0103tre participan\u021bi \u00een schimbul unei dona\u021bii pentru copiii cu autism.<\/strong><\/span><br><br><span style=\"color: #ff0000;\"><strong>To\u021bi banii str\u00e2n\u0219i \u00een cadrul evenimentului vor fi dona\u021bi Asocia\u021biei Sf\u00e2ntul Casian Media\u0219, astfel vrem s\u0103 fim al\u0103turi de ace\u0219ti copii minuna\u021bi \u0219i de familiil lor. Haide\u021bi al\u0103turi de noi.<\/strong><\/span><\/p>\n<p style=\"text-align: center;\"><span style=\"color: #000000;\"><strong>\u00cen data 29.06.2019 a avut loc evenimenul \u201ePia\u021ba de fericire\u201d! D\u0103ruim speran\u021b\u0103 copiilor cu autism.<\/strong><\/span><\/p>\n<p><strong><span style=\"color: #ff0000;\">Desf\u0103\u0219urat\u0103 la Casa Schuller, ac\u021biunea de str\u00e2ngere de fonduri, organizat\u0103 de USR Plus Media\u0219 pentru Asocia\u021bia Sf\u00e2ntul Casian a adunat un num\u0103r mare de personae dornici s\u0103 ajute.<\/span><\/strong><\/p>\n<p><strong><span style=\"color: #ff0000;\">Medie\u0219enii au dovedit \u00eenc\u0103 odat\u0103 sim\u021b civic \u0219i au venit cu mic cu mare \u00een Pia\u021ba De Fericire pentru a ajuta copii bolnavi de autism. S\u00e2mb\u0103t\u0103 Centrul Cultural Casa Schuller a fost ne\u00eenc\u0103p\u0103tor.<\/span><\/strong><\/p>\n<p><strong><span style=\"color: #ff0000;\">Interesul ridicat pentru ac\u021biune i-a f\u0103cut pe organizatori s\u0103 propun\u0103 ca si anul urmator sa aibe loc editia a doua , a Pietei de fericire.<\/span><\/strong><\/p>\n<p><strong><span style=\"color: #ff0000;\">Prima &nbsp;editie a&nbsp; evenimentului Pia\u021b\u0103 De Fericire dedicat\u0103 copiilor cu autism din Media\u0219 a str\u00e2ns peste 12 mii de Lei. To\u021bi banii au fost dona\u021bi Asocia\u021biei Sf\u00e2ntul Casian.<\/span><span style=\"color: #ff0000;\">Cu aceast\u0103 ocazie a\u0219 vrea s\u0103 v\u0103 mul\u021bumesc din inim\u0103 fiec\u0103ruia c\u0103 a\u021bi venit, a\u021bi donat \u0219i sunte\u021bi cu sufletul \u0219i inima al\u0103turi de noi.<\/span><span style=\"color: #ff0000;\">De asemenea, as vrea sa mi exprim respectul pentru organizatorii \u0219i sustinatorii acestei campanii, Aliantei USR PLus si oamenilor<\/span> <span style=\"color: #ff0000;\">deosebiti care o compun.<\/span><span style=\"color: #ff0000;\">Speciale multumiri si fam Drasser pentru donatii, preotului Marius Custalcean de la Biserica Sf Dumitru, domnului Ro\u0219ian Florin, doamnei S\u00eerbu si dlui Antipa, din Axente Sever, presei locale, Radio Ring, Nova Tv pentru promovarea evenimentului&#8230;.etc<\/span><\/strong><\/p>\n<p><strong><span style=\"color: #ff0000;\">Va multumesc pentru spiritul civic de care dati dovad\u0103 si m\u0103 rog lui Dumnezeu s\u0103 v\u0103 \u00eentoarc\u0103 binele pe care l face\u021bi!<\/span><\/strong><img loading=\"lazy\" decoding=\"async\" class=\"alignnone size-medium wp-image-478\" src=\"http:\/\/asca.ro\/wp-content\/uploads\/2020\/08\/62337909_717568411993029_4327270655566282752_n-300x200.jpg\" alt=\"\" width=\"300\" height=\"200\" srcset=\"https:\/\/asca.ro\/wp-content\/uploads\/2020\/08\/62337909_717568411993029_4327270655566282752_n-300x200.jpg 300w, https:\/\/asca.ro\/wp-content\/uploads\/2020\/08\/62337909_717568411993029_4327270655566282752_n-768x512.jpg 768w, https:\/\/asca.ro\/wp-content\/uploads\/2020\/08\/62337909_717568411993029_4327270655566282752_n.jpg 960w\" sizes=\"auto, (max-width: 300px) 100vw, 300px\" \/><img loading=\"lazy\" decoding=\"async\" class=\"alignnone size-medium wp-image-479\" src=\"http:\/\/asca.ro\/wp-content\/uploads\/2020\/08\/64654760_717568158659721_2415803230077321216_n-300x200.jpg\" alt=\"\" width=\"300\" height=\"200\" srcset=\"https:\/\/asca.ro\/wp-content\/uploads\/2020\/08\/64654760_717568158659721_2415803230077321216_n-300x200.jpg 300w, https:\/\/asca.ro\/wp-content\/uploads\/2020\/08\/64654760_717568158659721_2415803230077321216_n-768x512.jpg 768w, https:\/\/asca.ro\/wp-content\/uploads\/2020\/08\/64654760_717568158659721_2415803230077321216_n.jpg 960w\" sizes=\"auto, (max-width: 300px) 100vw, 300px\" \/><img loading=\"lazy\" decoding=\"async\" class=\"alignnone size-medium wp-image-480\" src=\"http:\/\/asca.ro\/wp-content\/uploads\/2020\/08\/65210694_2928858097156729_796590766959886336_n-300x225.jpg\" alt=\"\" width=\"300\" height=\"225\" srcset=\"https:\/\/asca.ro\/wp-content\/uploads\/2020\/08\/65210694_2928858097156729_796590766959886336_n-300x225.jpg 300w, https:\/\/asca.ro\/wp-content\/uploads\/2020\/08\/65210694_2928858097156729_796590766959886336_n-768x576.jpg 768w, https:\/\/asca.ro\/wp-content\/uploads\/2020\/08\/65210694_2928858097156729_796590766959886336_n.jpg 960w\" sizes=\"auto, (max-width: 300px) 100vw, 300px\" \/><img loading=\"lazy\" decoding=\"async\" class=\"alignnone size-medium wp-image-481\" src=\"http:\/\/asca.ro\/wp-content\/uploads\/2020\/08\/65230184_2928875563821649_4512289535916244992_n-300x225.jpg\" alt=\"\" width=\"300\" height=\"225\" srcset=\"https:\/\/asca.ro\/wp-content\/uploads\/2020\/08\/65230184_2928875563821649_4512289535916244992_n-300x225.jpg 300w, https:\/\/asca.ro\/wp-content\/uploads\/2020\/08\/65230184_2928875563821649_4512289535916244992_n-768x576.jpg 768w, https:\/\/asca.ro\/wp-content\/uploads\/2020\/08\/65230184_2928875563821649_4512289535916244992_n.jpg 960w\" sizes=\"auto, (max-width: 300px) 100vw, 300px\" \/><img loading=\"lazy\" decoding=\"async\" class=\"alignnone size-medium wp-image-482\" src=\"http:\/\/asca.ro\/wp-content\/uploads\/2020\/08\/65267219_2928862657156273_5977020933158731776_n-300x225.jpg\" alt=\"\" width=\"300\" height=\"225\" srcset=\"https:\/\/asca.ro\/wp-content\/uploads\/2020\/08\/65267219_2928862657156273_5977020933158731776_n-300x225.jpg 300w, https:\/\/asca.ro\/wp-content\/uploads\/2020\/08\/65267219_2928862657156273_5977020933158731776_n-768x576.jpg 768w, https:\/\/asca.ro\/wp-content\/uploads\/2020\/08\/65267219_2928862657156273_5977020933158731776_n.jpg 960w\" sizes=\"auto, (max-width: 300px) 100vw, 300px\" \/><img loading=\"lazy\" decoding=\"async\" class=\"alignnone size-medium wp-image-483\" src=\"http:\/\/asca.ro\/wp-content\/uploads\/2020\/08\/65271323_2928858080490064_6585958467217915904_n-300x225.jpg\" alt=\"\" width=\"300\" height=\"225\" srcset=\"https:\/\/asca.ro\/wp-content\/uploads\/2020\/08\/65271323_2928858080490064_6585958467217915904_n-300x225.jpg 300w, https:\/\/asca.ro\/wp-content\/uploads\/2020\/08\/65271323_2928858080490064_6585958467217915904_n-768x576.jpg 768w, https:\/\/asca.ro\/wp-content\/uploads\/2020\/08\/65271323_2928858080490064_6585958467217915904_n.jpg 960w\" sizes=\"auto, (max-width: 300px) 100vw, 300px\" \/><img loading=\"lazy\" decoding=\"async\" class=\"alignnone size-medium wp-image-484\" src=\"http:\/\/asca.ro\/wp-content\/uploads\/2020\/08\/65278836_717568488659688_2800842345174532096_n-300x184.jpg\" alt=\"\" width=\"300\" height=\"184\" srcset=\"https:\/\/asca.ro\/wp-content\/uploads\/2020\/08\/65278836_717568488659688_2800842345174532096_n-300x184.jpg 300w, https:\/\/asca.ro\/wp-content\/uploads\/2020\/08\/65278836_717568488659688_2800842345174532096_n-768x472.jpg 768w, https:\/\/asca.ro\/wp-content\/uploads\/2020\/08\/65278836_717568488659688_2800842345174532096_n.jpg 960w\" sizes=\"auto, (max-width: 300px) 100vw, 300px\" \/><img loading=\"lazy\" decoding=\"async\" class=\"alignnone size-medium wp-image-485\" src=\"http:\/\/asca.ro\/wp-content\/uploads\/2020\/08\/65303508_717568195326384_2848366974348558336_n-300x200.jpg\" alt=\"\" width=\"300\" height=\"200\" srcset=\"https:\/\/asca.ro\/wp-content\/uploads\/2020\/08\/65303508_717568195326384_2848366974348558336_n-300x200.jpg 300w, https:\/\/asca.ro\/wp-content\/uploads\/2020\/08\/65303508_717568195326384_2848366974348558336_n-768x512.jpg 768w, https:\/\/asca.ro\/wp-content\/uploads\/2020\/08\/65303508_717568195326384_2848366974348558336_n.jpg 960w\" sizes=\"auto, (max-width: 300px) 100vw, 300px\" \/><img loading=\"lazy\" decoding=\"async\" class=\"alignnone size-medium wp-image-486\" src=\"http:\/\/asca.ro\/wp-content\/uploads\/2020\/08\/65307850_717568008659736_4067014466565308416_n-300x200.jpg\" alt=\"\" width=\"300\" height=\"200\" srcset=\"https:\/\/asca.ro\/wp-content\/uploads\/2020\/08\/65307850_717568008659736_4067014466565308416_n-300x200.jpg 300w, https:\/\/asca.ro\/wp-content\/uploads\/2020\/08\/65307850_717568008659736_4067014466565308416_n-768x512.jpg 768w, https:\/\/asca.ro\/wp-content\/uploads\/2020\/08\/65307850_717568008659736_4067014466565308416_n.jpg 960w\" sizes=\"auto, (max-width: 300px) 100vw, 300px\" \/><img loading=\"lazy\" decoding=\"async\" class=\"alignnone size-medium wp-image-487\" src=\"http:\/\/asca.ro\/wp-content\/uploads\/2020\/08\/65314751_717568305326373_5094806011718402048_n-300x200.jpg\" alt=\"\" width=\"300\" height=\"200\" srcset=\"https:\/\/asca.ro\/wp-content\/uploads\/2020\/08\/65314751_717568305326373_5094806011718402048_n-300x200.jpg 300w, https:\/\/asca.ro\/wp-content\/uploads\/2020\/08\/65314751_717568305326373_5094806011718402048_n-768x512.jpg 768w, https:\/\/asca.ro\/wp-content\/uploads\/2020\/08\/65314751_717568305326373_5094806011718402048_n.jpg 960w\" sizes=\"auto, (max-width: 300px) 100vw, 300px\" \/><img loading=\"lazy\" decoding=\"async\" class=\"alignnone size-medium wp-image-488\" src=\"http:\/\/asca.ro\/wp-content\/uploads\/2020\/08\/65382896_717568078659729_7797258361312903168_n-300x225.jpg\" alt=\"\" width=\"300\" height=\"225\" srcset=\"https:\/\/asca.ro\/wp-content\/uploads\/2020\/08\/65382896_717568078659729_7797258361312903168_n-300x225.jpg 300w, https:\/\/asca.ro\/wp-content\/uploads\/2020\/08\/65382896_717568078659729_7797258361312903168_n.jpg 720w\" sizes=\"auto, (max-width: 300px) 100vw, 300px\" \/><img loading=\"lazy\" decoding=\"async\" class=\"alignnone size-medium wp-image-489\" src=\"http:\/\/asca.ro\/wp-content\/uploads\/2020\/08\/65482227_717568125326391_2433033212939730944_n-300x225.jpg\" alt=\"\" width=\"300\" height=\"225\" srcset=\"https:\/\/asca.ro\/wp-content\/uploads\/2020\/08\/65482227_717568125326391_2433033212939730944_n-300x225.jpg 300w, https:\/\/asca.ro\/wp-content\/uploads\/2020\/08\/65482227_717568125326391_2433033212939730944_n.jpg 720w\" sizes=\"auto, (max-width: 300px) 100vw, 300px\" \/><img loading=\"lazy\" decoding=\"async\" class=\"alignnone size-medium wp-image-490\" src=\"http:\/\/asca.ro\/wp-content\/uploads\/2020\/08\/65496959_2530102040357045_7162797004844695552_n-300x200.jpg\" alt=\"\" width=\"300\" height=\"200\" srcset=\"https:\/\/asca.ro\/wp-content\/uploads\/2020\/08\/65496959_2530102040357045_7162797004844695552_n-300x200.jpg 300w, https:\/\/asca.ro\/wp-content\/uploads\/2020\/08\/65496959_2530102040357045_7162797004844695552_n-768x512.jpg 768w, https:\/\/asca.ro\/wp-content\/uploads\/2020\/08\/65496959_2530102040357045_7162797004844695552_n.jpg 960w\" sizes=\"auto, (max-width: 300px) 100vw, 300px\" \/><img loading=\"lazy\" decoding=\"async\" class=\"alignnone wp-image-493 size-medium\" src=\"http:\/\/asca.ro\/wp-content\/uploads\/2020\/08\/65645884_2928875627154976_4908681220239392768_n-300x225.jpg\" alt=\"\" width=\"300\" height=\"225\" srcset=\"https:\/\/asca.ro\/wp-content\/uploads\/2020\/08\/65645884_2928875627154976_4908681220239392768_n-300x225.jpg 300w, https:\/\/asca.ro\/wp-content\/uploads\/2020\/08\/65645884_2928875627154976_4908681220239392768_n-768x576.jpg 768w, https:\/\/asca.ro\/wp-content\/uploads\/2020\/08\/65645884_2928875627154976_4908681220239392768_n.jpg 960w\" sizes=\"auto, (max-width: 300px) 100vw, 300px\" \/> <img loading=\"lazy\" decoding=\"async\" class=\"alignnone size-medium wp-image-492\" src=\"http:\/\/asca.ro\/wp-content\/uploads\/2020\/08\/65566214_717567965326407_6444907746897690624_n-300x200.jpg\" alt=\"\" width=\"300\" height=\"200\" srcset=\"https:\/\/asca.ro\/wp-content\/uploads\/2020\/08\/65566214_717567965326407_6444907746897690624_n-300x200.jpg 300w, https:\/\/asca.ro\/wp-content\/uploads\/2020\/08\/65566214_717567965326407_6444907746897690624_n-768x512.jpg 768w, https:\/\/asca.ro\/wp-content\/uploads\/2020\/08\/65566214_717567965326407_6444907746897690624_n.jpg 960w\" sizes=\"auto, (max-width: 300px) 100vw, 300px\" \/><img loading=\"lazy\" decoding=\"async\" class=\"alignnone wp-image-495 size-medium\" src=\"http:\/\/asca.ro\/wp-content\/uploads\/2020\/08\/65701828_717568515326352_8795284168197013504_n-300x200.jpg\" alt=\"\" width=\"300\" height=\"200\" srcset=\"https:\/\/asca.ro\/wp-content\/uploads\/2020\/08\/65701828_717568515326352_8795284168197013504_n-300x200.jpg 300w, https:\/\/asca.ro\/wp-content\/uploads\/2020\/08\/65701828_717568515326352_8795284168197013504_n-768x512.jpg 768w, https:\/\/asca.ro\/wp-content\/uploads\/2020\/08\/65701828_717568515326352_8795284168197013504_n.jpg 960w\" sizes=\"auto, (max-width: 300px) 100vw, 300px\" \/> <img loading=\"lazy\" decoding=\"async\" class=\"alignnone size-medium wp-image-494\" src=\"http:\/\/asca.ro\/wp-content\/uploads\/2020\/08\/65686893_717567895326414_3757010659217244160_n-300x200.jpg\" alt=\"\" width=\"300\" height=\"200\" srcset=\"https:\/\/asca.ro\/wp-content\/uploads\/2020\/08\/65686893_717567895326414_3757010659217244160_n-300x200.jpg 300w, https:\/\/asca.ro\/wp-content\/uploads\/2020\/08\/65686893_717567895326414_3757010659217244160_n-768x512.jpg 768w, https:\/\/asca.ro\/wp-content\/uploads\/2020\/08\/65686893_717567895326414_3757010659217244160_n.jpg 960w\" sizes=\"auto, (max-width: 300px) 100vw, 300px\" \/><img loading=\"lazy\" decoding=\"async\" class=\"alignnone size-medium wp-image-497\" src=\"http:\/\/asca.ro\/wp-content\/uploads\/2020\/08\/65838303_2530102037023712_8843071125383544832_n-300x200.jpg\" alt=\"\" width=\"300\" height=\"200\" srcset=\"https:\/\/asca.ro\/wp-content\/uploads\/2020\/08\/65838303_2530102037023712_8843071125383544832_n-300x200.jpg 300w, https:\/\/asca.ro\/wp-content\/uploads\/2020\/08\/65838303_2530102037023712_8843071125383544832_n-768x512.jpg 768w, https:\/\/asca.ro\/wp-content\/uploads\/2020\/08\/65838303_2530102037023712_8843071125383544832_n.jpg 960w\" sizes=\"auto, (max-width: 300px) 100vw, 300px\" \/><img loading=\"lazy\" decoding=\"async\" class=\"alignnone size-medium wp-image-498\" src=\"http:\/\/asca.ro\/wp-content\/uploads\/2020\/08\/66132649_2530102167023699_6966925163044536320_n-300x200.jpg\" alt=\"\" width=\"300\" height=\"200\" srcset=\"https:\/\/asca.ro\/wp-content\/uploads\/2020\/08\/66132649_2530102167023699_6966925163044536320_n-300x200.jpg 300w, https:\/\/asca.ro\/wp-content\/uploads\/2020\/08\/66132649_2530102167023699_6966925163044536320_n-768x512.jpg 768w, https:\/\/asca.ro\/wp-content\/uploads\/2020\/08\/66132649_2530102167023699_6966925163044536320_n.jpg 960w\" sizes=\"auto, (max-width: 300px) 100vw, 300px\" \/><img loading=\"lazy\" decoding=\"async\" class=\"alignnone size-medium wp-image-499\" src=\"http:\/\/asca.ro\/wp-content\/uploads\/2020\/08\/66147175_2530102060357043_8587600655231746048_n-300x200.jpg\" alt=\"\" width=\"300\" height=\"200\" srcset=\"https:\/\/asca.ro\/wp-content\/uploads\/2020\/08\/66147175_2530102060357043_8587600655231746048_n-300x200.jpg 300w, https:\/\/asca.ro\/wp-content\/uploads\/2020\/08\/66147175_2530102060357043_8587600655231746048_n-768x512.jpg 768w, https:\/\/asca.ro\/wp-content\/uploads\/2020\/08\/66147175_2530102060357043_8587600655231746048_n.jpg 960w\" sizes=\"auto, (max-width: 300px) 100vw, 300px\" \/><img loading=\"lazy\" decoding=\"async\" class=\"alignnone size-medium wp-image-500\" src=\"http:\/\/asca.ro\/wp-content\/uploads\/2020\/08\/65899805_717568615326342_5352833026793406464_n-300x200.jpg\" alt=\"\" width=\"300\" height=\"200\" srcset=\"https:\/\/asca.ro\/wp-content\/uploads\/2020\/08\/65899805_717568615326342_5352833026793406464_n-300x200.jpg 300w, https:\/\/asca.ro\/wp-content\/uploads\/2020\/08\/65899805_717568615326342_5352833026793406464_n-768x512.jpg 768w, https:\/\/asca.ro\/wp-content\/uploads\/2020\/08\/65899805_717568615326342_5352833026793406464_n.jpg 960w\" sizes=\"auto, (max-width: 300px) 100vw, 300px\" \/><img loading=\"lazy\" decoding=\"async\" class=\"alignnone size-medium wp-image-501\" src=\"http:\/\/asca.ro\/wp-content\/uploads\/2020\/08\/66041197_2530109603689622_767950812633628672_n-300x200.jpg\" alt=\"\" width=\"300\" height=\"200\" srcset=\"https:\/\/asca.ro\/wp-content\/uploads\/2020\/08\/66041197_2530109603689622_767950812633628672_n-300x200.jpg 300w, https:\/\/asca.ro\/wp-content\/uploads\/2020\/08\/66041197_2530109603689622_767950812633628672_n-768x512.jpg 768w, https:\/\/asca.ro\/wp-content\/uploads\/2020\/08\/66041197_2530109603689622_767950812633628672_n.jpg 960w\" sizes=\"auto, (max-width: 300px) 100vw, 300px\" \/><img loading=\"lazy\" decoding=\"async\" class=\"alignnone size-medium wp-image-502\" src=\"http:\/\/asca.ro\/wp-content\/uploads\/2020\/08\/65303508_717568195326384_2848366974348558336_n-1-300x200.jpg\" alt=\"\" width=\"300\" height=\"200\" srcset=\"https:\/\/asca.ro\/wp-content\/uploads\/2020\/08\/65303508_717568195326384_2848366974348558336_n-1-300x200.jpg 300w, https:\/\/asca.ro\/wp-content\/uploads\/2020\/08\/65303508_717568195326384_2848366974348558336_n-1-768x512.jpg 768w, https:\/\/asca.ro\/wp-content\/uploads\/2020\/08\/65303508_717568195326384_2848366974348558336_n-1.jpg 960w\" sizes=\"auto, (max-width: 300px) 100vw, 300px\" \/><img loading=\"lazy\" decoding=\"async\" class=\"alignnone size-medium wp-image-503\" src=\"http:\/\/asca.ro\/wp-content\/uploads\/2020\/08\/86393708_505197370371958_4411449008090775552_o-1-285x300.jpg\" alt=\"\" width=\"285\" height=\"300\" srcset=\"https:\/\/asca.ro\/wp-content\/uploads\/2020\/08\/86393708_505197370371958_4411449008090775552_o-1-285x300.jpg 285w, https:\/\/asca.ro\/wp-content\/uploads\/2020\/08\/86393708_505197370371958_4411449008090775552_o-1-768x808.jpg 768w, https:\/\/asca.ro\/wp-content\/uploads\/2020\/08\/86393708_505197370371958_4411449008090775552_o-1.jpg 913w\" sizes=\"auto, (max-width: 285px) 100vw, 285px\" \/><\/p>\n<\/div>\n<div class=\"innerblocks-wrap\">\n\n<div id=\"wp-block-themeisle-blocks-advanced-column-a01bb18e\" class=\"wp-block-themeisle-blocks-advanced-column\" style=\"border-radius: 0px; border: 0px solid #000000;\">&nbsp;<\/div>\n\n\n\n\n<div id=\"wp-block-themeisle-blocks-advanced-column-6e573113\" class=\"wp-block-themeisle-blocks-advanced-column\" style=\"border-radius: 0px; border: 0px solid #000000;\">&nbsp;<\/div>\n\n\n\n\n<div id=\"wp-block-themeisle-blocks-advanced-column-9956919c\" class=\"wp-block-themeisle-blocks-advanced-column\" style=\"border-radius: 0px; border: 0px solid #000000;\">&nbsp;<\/div>\n\n\n\n\n<div id=\"wp-block-themeisle-blocks-advanced-column-b98fe93a\" class=\"wp-block-themeisle-blocks-advanced-column\" style=\"border-radius: 0px; border: 0px solid #000000;\">&nbsp;<\/div>\n\n\n\n\n<div id=\"wp-block-themeisle-blocks-advanced-column-c56690bb\" class=\"wp-block-themeisle-blocks-advanced-column\" style=\"border-radius: 0px; border: 0px solid #000000;\">&nbsp;<\/div>\n\n\n\n\n<div id=\"wp-block-themeisle-blocks-advanced-column-83fa59e3\" class=\"wp-block-themeisle-blocks-advanced-column\" style=\"border-radius: 0px; border: 0px solid #000000;\">&nbsp;<\/div>\n\n<\/div>\n<\/div>\n\n\n","protected":false},"excerpt":{"rendered":"","protected":false},"author":2,"featured_media":0,"parent":0,"menu_order":0,"comment_status":"closed","ping_status":"closed","template":"","meta":{"give_campaign_id":0,"footnotes":""},"class_list":["post-45","page","type-page","status-publish","hentry"],"campaignId":"","_links":{"self":[{"href":"https:\/\/asca.ro\/ro\/wp-json\/wp\/v2\/pages\/45","targetHints":{"allow":["GET"]}}],"collection":[{"href":"https:\/\/asca.ro\/ro\/wp-json\/wp\/v2\/pages"}],"about":[{"href":"https:\/\/asca.ro\/ro\/wp-json\/wp\/v2\/types\/page"}],"author":[{"embeddable":true,"href":"https:\/\/asca.ro\/ro\/wp-json\/wp\/v2\/users\/2"}],"replies":[{"embeddable":true,"href":"https:\/\/asca.ro\/ro\/wp-json\/wp\/v2\/comments?post=45"}],"version-history":[{"count":16,"href":"https:\/\/asca.ro\/ro\/wp-json\/wp\/v2\/pages\/45\/revisions"}],"predecessor-version":[{"id":922,"href":"https:\/\/asca.ro\/ro\/wp-json\/wp\/v2\/pages\/45\/revisions\/922"}],"wp:attachment":[{"href":"https:\/\/asca.ro\/ro\/wp-json\/wp\/v2\/media?parent=45"}],"curies":[{"name":"wp","href":"https:\/\/api.w.org\/{rel}","templated":true}]}}