{"id":1014,"date":"2021-07-26T16:40:28","date_gmt":"2021-07-26T14:40:28","guid":{"rendered":"https:\/\/asca.ro\/?page_id=1014"},"modified":"2021-07-26T16:40:28","modified_gmt":"2021-07-26T14:40:28","slug":"fdsc-e-distributie-muntenia","status":"publish","type":"page","link":"https:\/\/asca.ro\/ro\/fdsc-e-distributie-muntenia\/","title":{"rendered":"FDSC + E-Distributie Muntenia"},"content":{"rendered":"\n<p>Cu sprijinului financiar al Funda\u021biei pentru Dezvoltarea Societ\u0103\u021bii Civile (FDSC) \u0219i EDistribu\u021bie Muntenia, \u00een cadrul unui program destinat ONG-urilor, care se ocup\u0103 de nevoile persoanelor cu dizabilit\u0103\u021bi, am reu\u0219it s\u0103 achizi\u021bion\u0103m, echipamente pentru sala de kinetoterapie: un plan de reeducare al mersului, tip bare paralele \u0219i o biciclet\u0103 medicinal\u0103. Aceste echipamente ne lipseau din sala de kinetoterapie \u0219i consider\u0103m c\u0103 sunt esen\u021biale \u00een procesul de recuperare al copiilor.Echipamentele achizi\u021bionate sunt necesare pentru dezvoltarea beneficiarilor Centrului nostru.Beneficiile cele mai evidente sunt din punct de vedere al integrarii stimulilor din mediu, in ceea ce priveste integrarea senzoriala (cele trei sisteme senzoriale de baza: vestibular, propriocetiv si tactil), dar si coordonare a mersului, bilateralitate, imbunatatirea posturii corporale. Beneficiarii direc\u021bi al produselor achizi\u021bionate sunt: copii cu nevoi speciale care au dificult\u0103\u021bi de mers ( merg pe v\u00e2rfuri ), dificult\u0103\u021bi de posturare \u0219i dificult\u0103\u021bi de integrare senzorial\u0103, \u00een num\u0103r de 29 de copii.Beneficiarii indirec\u021bi sunt terapeu\u021bii, p\u0103rin\u021bii, familia extrins\u0103, prietenii, etc.Pe aceast\u0103 cale, dorim, s\u0103 mul\u021bumim, Funda\u021biei pentru Dezvoltarea Societ\u0103\u021bii Civile (FDSC) \u0219i EDistribu\u021bie Muntenia, pentru sprijinul acordat \u0219i pentru c\u0103 au avut \u00eencredere \u00een noi.<\/p>\n\n\n\n<figure class=\"wp-block-image size-large\"><img loading=\"lazy\" decoding=\"async\" width=\"768\" height=\"1024\" src=\"https:\/\/asca.ro\/wp-content\/uploads\/2021\/07\/1-1-768x1024.jpg\" alt=\"\" class=\"wp-image-1015\" srcset=\"https:\/\/asca.ro\/wp-content\/uploads\/2021\/07\/1-1-768x1024.jpg 768w, https:\/\/asca.ro\/wp-content\/uploads\/2021\/07\/1-1-225x300.jpg 225w, https:\/\/asca.ro\/wp-content\/uploads\/2021\/07\/1-1-1152x1536.jpg 1152w, https:\/\/asca.ro\/wp-content\/uploads\/2021\/07\/1-1-9x12.jpg 9w, https:\/\/asca.ro\/wp-content\/uploads\/2021\/07\/1-1.jpg 1536w\" sizes=\"auto, (max-width: 768px) 100vw, 768px\" \/><\/figure>\n\n\n\n<figure class=\"wp-block-image size-large\"><img loading=\"lazy\" decoding=\"async\" width=\"1024\" height=\"768\" src=\"https:\/\/asca.ro\/wp-content\/uploads\/2021\/07\/2-1-1024x768.jpg\" alt=\"\" class=\"wp-image-1016\" srcset=\"https:\/\/asca.ro\/wp-content\/uploads\/2021\/07\/2-1-1024x768.jpg 1024w, https:\/\/asca.ro\/wp-content\/uploads\/2021\/07\/2-1-300x225.jpg 300w, https:\/\/asca.ro\/wp-content\/uploads\/2021\/07\/2-1-768x576.jpg 768w, https:\/\/asca.ro\/wp-content\/uploads\/2021\/07\/2-1-1536x1152.jpg 1536w, https:\/\/asca.ro\/wp-content\/uploads\/2021\/07\/2-1-16x12.jpg 16w, https:\/\/asca.ro\/wp-content\/uploads\/2021\/07\/2-1.jpg 2048w\" sizes=\"auto, (max-width: 1024px) 100vw, 1024px\" \/><\/figure>\n\n\n\n<figure class=\"wp-block-image size-large\"><img loading=\"lazy\" decoding=\"async\" width=\"1024\" height=\"768\" src=\"https:\/\/asca.ro\/wp-content\/uploads\/2021\/07\/3-1-1024x768.jpg\" alt=\"\" class=\"wp-image-1017\" srcset=\"https:\/\/asca.ro\/wp-content\/uploads\/2021\/07\/3-1-1024x768.jpg 1024w, https:\/\/asca.ro\/wp-content\/uploads\/2021\/07\/3-1-300x225.jpg 300w, https:\/\/asca.ro\/wp-content\/uploads\/2021\/07\/3-1-768x576.jpg 768w, https:\/\/asca.ro\/wp-content\/uploads\/2021\/07\/3-1-1536x1152.jpg 1536w, https:\/\/asca.ro\/wp-content\/uploads\/2021\/07\/3-1-16x12.jpg 16w, https:\/\/asca.ro\/wp-content\/uploads\/2021\/07\/3-1.jpg 2048w\" sizes=\"auto, (max-width: 1024px) 100vw, 1024px\" \/><\/figure>\n\n\n\n<figure class=\"wp-block-image size-large\"><img loading=\"lazy\" decoding=\"async\" width=\"1024\" height=\"768\" src=\"https:\/\/asca.ro\/wp-content\/uploads\/2021\/07\/4-1-1024x768.jpg\" alt=\"\" class=\"wp-image-1018\" srcset=\"https:\/\/asca.ro\/wp-content\/uploads\/2021\/07\/4-1-1024x768.jpg 1024w, https:\/\/asca.ro\/wp-content\/uploads\/2021\/07\/4-1-300x225.jpg 300w, https:\/\/asca.ro\/wp-content\/uploads\/2021\/07\/4-1-768x576.jpg 768w, https:\/\/asca.ro\/wp-content\/uploads\/2021\/07\/4-1-1536x1152.jpg 1536w, https:\/\/asca.ro\/wp-content\/uploads\/2021\/07\/4-1-16x12.jpg 16w, https:\/\/asca.ro\/wp-content\/uploads\/2021\/07\/4-1.jpg 2048w\" sizes=\"auto, (max-width: 1024px) 100vw, 1024px\" \/><\/figure>\n\n\n\n<figure class=\"wp-block-image size-large\"><img loading=\"lazy\" decoding=\"async\" width=\"498\" height=\"1024\" src=\"https:\/\/asca.ro\/wp-content\/uploads\/2021\/07\/5-1-498x1024.jpg\" alt=\"\" class=\"wp-image-1019\" srcset=\"https:\/\/asca.ro\/wp-content\/uploads\/2021\/07\/5-1-498x1024.jpg 498w, https:\/\/asca.ro\/wp-content\/uploads\/2021\/07\/5-1-146x300.jpg 146w, https:\/\/asca.ro\/wp-content\/uploads\/2021\/07\/5-1-768x1581.jpg 768w, https:\/\/asca.ro\/wp-content\/uploads\/2021\/07\/5-1-746x1536.jpg 746w, https:\/\/asca.ro\/wp-content\/uploads\/2021\/07\/5-1-6x12.jpg 6w, https:\/\/asca.ro\/wp-content\/uploads\/2021\/07\/5-1.jpg 995w\" sizes=\"auto, (max-width: 498px) 100vw, 498px\" \/><\/figure>\n\n\n","protected":false},"excerpt":{"rendered":"<p>Cu sprijinului financiar al Funda\u021biei pentru Dezvoltarea Societ\u0103\u021bii Civile (FDSC) \u0219i EDistribu\u021bie Muntenia, \u00een cadrul unui program destinat ONG-urilor, care se ocup\u0103 de nevoile persoanelor cu dizabilit\u0103\u021bi, am reu\u0219it s\u0103 achizi\u021bion\u0103m, echipamente pentru sala de kinetoterapie: un plan de reeducare al mersului, tip bare paralele \u0219i o biciclet\u0103 medicinal\u0103. Aceste echipamente ne lipseau din sala &hellip; <\/p>\n<p class=\"link-more\"><a href=\"https:\/\/asca.ro\/ro\/fdsc-e-distributie-muntenia\/\" class=\"more-link\">Continue reading<span class=\"screen-reader-text\"> &#8222;FDSC + E-Distributie Muntenia&#8221;<\/span><\/a><\/p>\n","protected":false},"author":2,"featured_media":0,"parent":0,"menu_order":0,"comment_status":"closed","ping_status":"closed","template":"","meta":{"give_campaign_id":0,"footnotes":""},"class_list":["post-1014","page","type-page","status-publish","hentry"],"campaignId":"","_links":{"self":[{"href":"https:\/\/asca.ro\/ro\/wp-json\/wp\/v2\/pages\/1014","targetHints":{"allow":["GET"]}}],"collection":[{"href":"https:\/\/asca.ro\/ro\/wp-json\/wp\/v2\/pages"}],"about":[{"href":"https:\/\/asca.ro\/ro\/wp-json\/wp\/v2\/types\/page"}],"author":[{"embeddable":true,"href":"https:\/\/asca.ro\/ro\/wp-json\/wp\/v2\/users\/2"}],"replies":[{"embeddable":true,"href":"https:\/\/asca.ro\/ro\/wp-json\/wp\/v2\/comments?post=1014"}],"version-history":[{"count":1,"href":"https:\/\/asca.ro\/ro\/wp-json\/wp\/v2\/pages\/1014\/revisions"}],"predecessor-version":[{"id":1020,"href":"https:\/\/asca.ro\/ro\/wp-json\/wp\/v2\/pages\/1014\/revisions\/1020"}],"wp:attachment":[{"href":"https:\/\/asca.ro\/ro\/wp-json\/wp\/v2\/media?parent=1014"}],"curies":[{"name":"wp","href":"https:\/\/api.w.org\/{rel}","templated":true}]}}