{"id":817,"date":"2020-11-23T15:27:52","date_gmt":"2020-11-23T15:27:52","guid":{"rendered":"https:\/\/asca.ro\/?page_id=817"},"modified":"2022-10-30T00:41:59","modified_gmt":"2022-10-29T22:41:59","slug":"logopedie","status":"publish","type":"page","link":"https:\/\/asca.ro\/en\/logopedie\/","title":{"rendered":"speech Therapy"},"content":{"rendered":"<p><\/p>\n\n\n\n<p><strong>\u00cen cadrul centrului ASCA, fiecare copil \u00eenscris \u00een programul de terapie beneficiaz\u0103 de \u0219edinte de logopedie,<\/strong> <strong>de stimularea \u0219i dezvoltarea limbajului.\u00cen cadrul interventiei logopedice se utilizeaza instrumentele Zvibe astfel acord\u0103ndu-se o atentie special\u0103 problemelor senzoriale.<\/strong><\/p>\n\n\n\n<p><strong>SLT<\/strong> <strong>or Language Disorder Therapy is defined as the discipline that deals with language education and re-education. The role of the speech therapist is to restore and stabilize the language, by differentiated application of specific techniques.<\/strong><br><strong>If in typical children, with disorders \/ delays in language development, the speech therapist uses basic speech therapy techniques and specific exercises to correct various problems, in children with autism, the approach involves certain stages, depending on the child&#039;s abilities and degree of impairment. In the case of children with autism spectrum disorders, communication and language are one of the major areas affected, the lack of speech being often the reason for parents to seek answers.<br>The scope of speech therapy includes both the development of expressive language (what the child says) and the development of receptive language (what the child understands). Expressive communication includes both vocal language and sign language. Moreover, writing and reading are also language skills.<br>In the speech therapy sessions several aspects must be taken into account:<br>\u2022 The child&#039;s accommodation period: the start of speech therapy should take into account the child&#039;s pace of learning and the stage of development he is at that time.<\/strong><br><strong>\u2022 Play: the child learns new skills through games, through exercises.<br>\u2022 Rewards: progress is continuously supported and encouraged, both by the therapist and by the parents \/ family at home, depending on the degree of impairment of the child (sometimes the emission of a single sound is a very big progress).<br>\u2022 Work environment: it is necessary to adapt to a new space and encourage therapies where the child feels best.<br>\u2022 Colaborarea cu p\u0103rin\u021bii \u0219i echipa de terapeu\u021bi: o echip\u0103 multidisciplinar\u0103 va avea rezultate mai repede.<br>Speech therapy does not give immediate results. The time allotted for speech therapy depends on the case. In general, the child with autism needs a longer period to correct \/ initiate language. Therefore, speech therapy stops when you consider that the little one has a language appropriate to his age. There is no specific period that guarantees his recovery.<\/strong><\/p>\n\n\n\n<figure class=\"wp-block-image size-large is-resized\"><img loading=\"lazy\" decoding=\"async\" src=\"https:\/\/asca.ro\/wp-content\/uploads\/2020\/11\/Layer-2-1024x380.jpg\" alt=\"\" class=\"wp-image-860\" width=\"1129\" height=\"419\" srcset=\"https:\/\/asca.ro\/wp-content\/uploads\/2020\/11\/Layer-2-1024x380.jpg 1024w, https:\/\/asca.ro\/wp-content\/uploads\/2020\/11\/Layer-2-300x111.jpg 300w, https:\/\/asca.ro\/wp-content\/uploads\/2020\/11\/Layer-2-768x285.jpg 768w, https:\/\/asca.ro\/wp-content\/uploads\/2020\/11\/Layer-2.jpg 1146w\" sizes=\"auto, (max-width: 1129px) 100vw, 1129px\" \/><\/figure>","protected":false},"excerpt":{"rendered":"<p>\u00cen cadrul centrului ASCA, fiecare copil \u00eenscris \u00een programul de terapie beneficiaz\u0103 de \u0219edinte de logopedie, de stimularea \u0219i dezvoltarea limbajului.\u00cen cadrul interventiei logopedice se utilizeaza instrumentele Zvibe astfel acord\u0103ndu-se o atentie special\u0103 problemelor senzoriale. Logopedia sau Terapia Tulbur\u0103rilor de Limbaj este definit\u0103 ca disciplina care se ocup\u0103 cu educarea \u015fi reeducarea limbajului. Rolul logopedului &hellip; <\/p>\n<p class=\"link-more\"><a href=\"https:\/\/asca.ro\/en\/logopedie\/\" class=\"more-link\">Continue reading<span class=\"screen-reader-text\"> &quot;Speech Therapy&quot;<\/span><\/a><\/p>","protected":false},"author":2,"featured_media":0,"parent":0,"menu_order":0,"comment_status":"closed","ping_status":"closed","template":"","meta":{"give_campaign_id":0,"footnotes":""},"class_list":["post-817","page","type-page","status-publish","hentry"],"campaignId":"","_links":{"self":[{"href":"https:\/\/asca.ro\/en\/wp-json\/wp\/v2\/pages\/817","targetHints":{"allow":["GET"]}}],"collection":[{"href":"https:\/\/asca.ro\/en\/wp-json\/wp\/v2\/pages"}],"about":[{"href":"https:\/\/asca.ro\/en\/wp-json\/wp\/v2\/types\/page"}],"author":[{"embeddable":true,"href":"https:\/\/asca.ro\/en\/wp-json\/wp\/v2\/users\/2"}],"replies":[{"embeddable":true,"href":"https:\/\/asca.ro\/en\/wp-json\/wp\/v2\/comments?post=817"}],"version-history":[{"count":6,"href":"https:\/\/asca.ro\/en\/wp-json\/wp\/v2\/pages\/817\/revisions"}],"predecessor-version":[{"id":1106,"href":"https:\/\/asca.ro\/en\/wp-json\/wp\/v2\/pages\/817\/revisions\/1106"}],"wp:attachment":[{"href":"https:\/\/asca.ro\/en\/wp-json\/wp\/v2\/media?parent=817"}],"curies":[{"name":"wp","href":"https:\/\/api.w.org\/{rel}","templated":true}]}}