{"id":316,"date":"2020-08-04T17:01:59","date_gmt":"2020-08-04T17:01:59","guid":{"rendered":"http:\/\/asca.ro\/?page_id=316"},"modified":"2022-11-06T01:01:20","modified_gmt":"2022-11-05T23:01:20","slug":"directioneaza-persoane-juridice","status":"publish","type":"page","link":"https:\/\/asca.ro\/en\/directioneaza-persoane-juridice\/","title":{"rendered":"Direc\u021bioneaz\u0103 20% din impozitul pe profit\/venit  ( persoane juridice )"},"content":{"rendered":"<p><\/p>\n\n\n\n<p><\/p>\n\n\n<div id=\"page-content\" class=\"page-content\">\n<div class=\"gridContainer content\">\n<div id=\"post-405\" class=\"post-405 page type-page status-publish hentry\">\n<div>\n<p>E\u0219ti propietarul unei companii sau a unei micro\u00eentreprindere? Po\u021bi\u00a0 alege s\u0103 direc\u021bionezi p\u0103n\u0103 la <strong>20% from income \/ profit tax\u00a0<\/strong>datorat statului prin sponsorizare c\u0103tre <strong>Saint Casian Association<\/strong> \u0219i nu te cost\u0103 nimic. Sponsorizarea ta se transform\u0103 \u00een sprijin direct pentru cei <strong>22<\/strong> de copii care fac terapie gratis \u00een \u00a0Centru de zi pentru copii cu tulburari din spectrul autist, deschis in Media\u0219 de c\u0103tre parin\u021bi.<\/p>\n<p>The procedure is simple, the micro-enterprise that sponsors the Saint Casian Association can deduct the value of the sponsorship up to the level of 20% from the income or profit tax due for the quarter in which it registered the expenses.<\/p>\n<\/div>\n<\/div>\n<\/div>\n<\/div>","protected":false},"excerpt":{"rendered":"<p>E\u0219ti propietarul unei companii sau a unei micro\u00eentreprindere? Po\u021bi\u00a0 alege s\u0103 direc\u021bionezi p\u0103n\u0103 la 20% din impozitul pe venit\/pe profit\u00a0datorat statului prin sponsorizare c\u0103tre Asocia\u021bia Sfantul Casian \u0219i nu te cost\u0103 nimic. Sponsorizarea ta se transform\u0103 \u00een sprijin direct pentru cei 22 de copii care fac terapie gratis \u00een \u00a0Centru de zi pentru copii cu &hellip; <\/p>\n<p class=\"link-more\"><a href=\"https:\/\/asca.ro\/en\/directioneaza-persoane-juridice\/\" class=\"more-link\">Continue reading<span class=\"screen-reader-text\"> &#8222;Direc\u021bioneaz\u0103 20% din impozitul pe profit\/venit  ( persoane juridice )&#8221;<\/span><\/a><\/p>","protected":false},"author":2,"featured_media":0,"parent":0,"menu_order":2,"comment_status":"closed","ping_status":"closed","template":"","meta":{"give_campaign_id":0,"footnotes":""},"class_list":["post-316","page","type-page","status-publish","hentry"],"campaignId":"","_links":{"self":[{"href":"https:\/\/asca.ro\/en\/wp-json\/wp\/v2\/pages\/316","targetHints":{"allow":["GET"]}}],"collection":[{"href":"https:\/\/asca.ro\/en\/wp-json\/wp\/v2\/pages"}],"about":[{"href":"https:\/\/asca.ro\/en\/wp-json\/wp\/v2\/types\/page"}],"author":[{"embeddable":true,"href":"https:\/\/asca.ro\/en\/wp-json\/wp\/v2\/users\/2"}],"replies":[{"embeddable":true,"href":"https:\/\/asca.ro\/en\/wp-json\/wp\/v2\/comments?post=316"}],"version-history":[{"count":11,"href":"https:\/\/asca.ro\/en\/wp-json\/wp\/v2\/pages\/316\/revisions"}],"predecessor-version":[{"id":1144,"href":"https:\/\/asca.ro\/en\/wp-json\/wp\/v2\/pages\/316\/revisions\/1144"}],"wp:attachment":[{"href":"https:\/\/asca.ro\/en\/wp-json\/wp\/v2\/media?parent=316"}],"curies":[{"name":"wp","href":"https:\/\/api.w.org\/{rel}","templated":true}]}}