{"id":27,"date":"2019-10-20T15:11:23","date_gmt":"2019-10-20T15:11:23","guid":{"rendered":"http:\/\/asca.ro\/?page_id=27"},"modified":"2022-11-18T02:08:40","modified_gmt":"2022-11-18T00:08:40","slug":"despre-noi","status":"publish","type":"page","link":"https:\/\/asca.ro\/en\/despre-noi\/","title":{"rendered":"Despre Noi"},"content":{"rendered":"<p>&nbsp;<strong>Saint Casian Association from Media\u0219<\/strong> <strong>este o organiza\u021bie \u00eenfiin\u021bat\u0103 de c\u0103tre p\u0103rin\u021bii unor copii care sufer\u0103 de <em>AUTISM, TSA, ADHD, Retard \u00een Dezvoltare<\/em>. Asocia\u021bia a fost \u00eenfiin\u021bat\u0103 \u00een anul 2018 iar la momentul actual prin intermediul centrului de zi, ofer\u0103 gratuit servicii de terapie (psihopedagogie, logopedie, kinetoterapie , terapie de integrare senzorial\u0103) cu ajutorul parteneriatelor public-private unui num\u0103r de 22 de copii, acest num\u0103r fiind \u00een cre\u0219tere, deoarece \u00een acest moment mai sunt al\u021bi 20 de copii pe lista de a\u0219teptare.<\/strong><\/p>\n\n\n\n<figure class=\"wp-block-image size-large is-resized\"><img loading=\"lazy\" decoding=\"async\" src=\"https:\/\/asca.ro\/wp-content\/uploads\/2020\/11\/img1-1024x380.jpg\" alt=\"\" class=\"wp-image-900\" width=\"1127\" height=\"417\" srcset=\"https:\/\/asca.ro\/wp-content\/uploads\/2020\/11\/img1-1024x380.jpg 1024w, https:\/\/asca.ro\/wp-content\/uploads\/2020\/11\/img1-300x111.jpg 300w, https:\/\/asca.ro\/wp-content\/uploads\/2020\/11\/img1-768x285.jpg 768w, https:\/\/asca.ro\/wp-content\/uploads\/2020\/11\/img1.jpg 1146w\" sizes=\"auto, (max-width: 1127px) 100vw, 1127px\" \/><\/figure>\n\n\n\n<figure class=\"wp-block-image size-large is-resized\"><img loading=\"lazy\" decoding=\"async\" src=\"https:\/\/asca.ro\/wp-content\/uploads\/2020\/11\/img2-1024x380.jpg\" alt=\"\" class=\"wp-image-901\" width=\"1126\" height=\"418\" srcset=\"https:\/\/asca.ro\/wp-content\/uploads\/2020\/11\/img2-1024x380.jpg 1024w, https:\/\/asca.ro\/wp-content\/uploads\/2020\/11\/img2-300x111.jpg 300w, https:\/\/asca.ro\/wp-content\/uploads\/2020\/11\/img2-768x285.jpg 768w, https:\/\/asca.ro\/wp-content\/uploads\/2020\/11\/img2.jpg 1146w\" sizes=\"auto, (max-width: 1126px) 100vw, 1126px\" \/><\/figure>\n\n\n\n<figure class=\"wp-block-image size-large is-resized\"><img loading=\"lazy\" decoding=\"async\" src=\"https:\/\/asca.ro\/wp-content\/uploads\/2020\/11\/img3-1024x380.jpg\" alt=\"\" class=\"wp-image-902\" width=\"1126\" height=\"417\" srcset=\"https:\/\/asca.ro\/wp-content\/uploads\/2020\/11\/img3-1024x380.jpg 1024w, https:\/\/asca.ro\/wp-content\/uploads\/2020\/11\/img3-300x111.jpg 300w, https:\/\/asca.ro\/wp-content\/uploads\/2020\/11\/img3-768x285.jpg 768w, https:\/\/asca.ro\/wp-content\/uploads\/2020\/11\/img3.jpg 1146w\" sizes=\"auto, (max-width: 1126px) 100vw, 1126px\" \/><\/figure>\n\n\n\n<figure class=\"wp-block-image size-large is-resized\"><img loading=\"lazy\" decoding=\"async\" src=\"https:\/\/asca.ro\/wp-content\/uploads\/2020\/11\/img4-1024x380.jpg\" alt=\"\" class=\"wp-image-903\" width=\"1131\" height=\"420\" srcset=\"https:\/\/asca.ro\/wp-content\/uploads\/2020\/11\/img4-1024x380.jpg 1024w, https:\/\/asca.ro\/wp-content\/uploads\/2020\/11\/img4-300x111.jpg 300w, https:\/\/asca.ro\/wp-content\/uploads\/2020\/11\/img4-768x285.jpg 768w, https:\/\/asca.ro\/wp-content\/uploads\/2020\/11\/img4.jpg 1146w\" sizes=\"auto, (max-width: 1131px) 100vw, 1131px\" \/><\/figure>\n\n\n\n<figure class=\"wp-block-image size-large is-resized\"><img loading=\"lazy\" decoding=\"async\" src=\"https:\/\/asca.ro\/wp-content\/uploads\/2020\/11\/img5-1024x380.jpg\" alt=\"\" class=\"wp-image-904\" width=\"1133\" height=\"420\" srcset=\"https:\/\/asca.ro\/wp-content\/uploads\/2020\/11\/img5-1024x380.jpg 1024w, https:\/\/asca.ro\/wp-content\/uploads\/2020\/11\/img5-300x111.jpg 300w, https:\/\/asca.ro\/wp-content\/uploads\/2020\/11\/img5-768x285.jpg 768w, https:\/\/asca.ro\/wp-content\/uploads\/2020\/11\/img5.jpg 1146w\" sizes=\"auto, (max-width: 1133px) 100vw, 1133px\" \/><\/figure>\n\n\n\n<figure class=\"wp-block-image size-large is-resized\"><img loading=\"lazy\" decoding=\"async\" src=\"https:\/\/asca.ro\/wp-content\/uploads\/2020\/11\/img6-1024x380.jpg\" alt=\"\" class=\"wp-image-905\" width=\"1130\" height=\"419\" srcset=\"https:\/\/asca.ro\/wp-content\/uploads\/2020\/11\/img6-1024x380.jpg 1024w, https:\/\/asca.ro\/wp-content\/uploads\/2020\/11\/img6-300x111.jpg 300w, https:\/\/asca.ro\/wp-content\/uploads\/2020\/11\/img6-768x285.jpg 768w, https:\/\/asca.ro\/wp-content\/uploads\/2020\/11\/img6.jpg 1146w\" sizes=\"auto, (max-width: 1130px) 100vw, 1130px\" \/><\/figure>\n\n\n\n<figure class=\"wp-block-image size-large is-resized\"><img loading=\"lazy\" decoding=\"async\" src=\"https:\/\/asca.ro\/wp-content\/uploads\/2020\/11\/img7-1024x380.jpg\" alt=\"\" class=\"wp-image-906\" width=\"1116\" height=\"415\" srcset=\"https:\/\/asca.ro\/wp-content\/uploads\/2020\/11\/img7-1024x380.jpg 1024w, https:\/\/asca.ro\/wp-content\/uploads\/2020\/11\/img7-300x111.jpg 300w, https:\/\/asca.ro\/wp-content\/uploads\/2020\/11\/img7-768x285.jpg 768w, https:\/\/asca.ro\/wp-content\/uploads\/2020\/11\/img7.jpg 1146w\" sizes=\"auto, (max-width: 1116px) 100vw, 1116px\" \/><\/figure>","protected":false},"excerpt":{"rendered":"<p>&nbsp;Asocia\u021bia Sf\u00e2ntul Casian din Media\u0219 este o organiza\u021bie \u00eenfiin\u021bat\u0103 de c\u0103tre p\u0103rin\u021bii unor copii care sufer\u0103 de AUTISM, TSA, ADHD, Retard \u00een Dezvoltare. Asocia\u021bia a fost \u00eenfiin\u021bat\u0103 \u00een anul 2018 iar la momentul actual prin intermediul centrului de zi, ofer\u0103 gratuit servicii de terapie (psihopedagogie, logopedie, kinetoterapie , terapie de integrare senzorial\u0103) cu ajutorul parteneriatelor &hellip; <\/p>\n<p class=\"link-more\"><a href=\"https:\/\/asca.ro\/en\/despre-noi\/\" class=\"more-link\">Continue reading<span class=\"screen-reader-text\"> &#8222;Despre Noi&#8221;<\/span><\/a><\/p>","protected":false},"author":2,"featured_media":0,"parent":0,"menu_order":1,"comment_status":"closed","ping_status":"closed","template":"","meta":{"give_campaign_id":0,"footnotes":""},"class_list":["post-27","page","type-page","status-publish","hentry"],"campaignId":"","_links":{"self":[{"href":"https:\/\/asca.ro\/en\/wp-json\/wp\/v2\/pages\/27","targetHints":{"allow":["GET"]}}],"collection":[{"href":"https:\/\/asca.ro\/en\/wp-json\/wp\/v2\/pages"}],"about":[{"href":"https:\/\/asca.ro\/en\/wp-json\/wp\/v2\/types\/page"}],"author":[{"embeddable":true,"href":"https:\/\/asca.ro\/en\/wp-json\/wp\/v2\/users\/2"}],"replies":[{"embeddable":true,"href":"https:\/\/asca.ro\/en\/wp-json\/wp\/v2\/comments?post=27"}],"version-history":[{"count":17,"href":"https:\/\/asca.ro\/en\/wp-json\/wp\/v2\/pages\/27\/revisions"}],"predecessor-version":[{"id":1186,"href":"https:\/\/asca.ro\/en\/wp-json\/wp\/v2\/pages\/27\/revisions\/1186"}],"wp:attachment":[{"href":"https:\/\/asca.ro\/en\/wp-json\/wp\/v2\/media?parent=27"}],"curies":[{"name":"wp","href":"https:\/\/api.w.org\/{rel}","templated":true}]}}