{"id":817,"date":"2020-11-23T15:27:52","date_gmt":"2020-11-23T15:27:52","guid":{"rendered":"https:\/\/asca.ro\/?page_id=817"},"modified":"2022-10-30T00:41:59","modified_gmt":"2022-10-29T22:41:59","slug":"logopedie","status":"publish","type":"page","link":"http:\/\/asca.ro\/ro\/logopedie\/","title":{"rendered":"Logopedie"},"content":{"rendered":"\n<p><\/p>\n\n\n\n<p><strong>\u00cen cadrul centrului ASCA, fiecare copil \u00eenscris \u00een programul de terapie beneficiaz\u0103 de \u0219edinte de logopedie,<\/strong> <strong>de stimularea \u0219i dezvoltarea limbajului.\u00cen cadrul interventiei logopedice se utilizeaza instrumentele Zvibe astfel acord\u0103ndu-se o atentie special\u0103 problemelor senzoriale.<\/strong><\/p>\n\n\n\n<p><strong>Logopedia<\/strong> <strong>sau Terapia Tulbur\u0103rilor de Limbaj este definit\u0103 ca disciplina care se ocup\u0103 cu educarea \u015fi reeducarea limbajului. Rolul logopedului este acela de a restaura \u015fi stabiliza limbajul, prin aplicarea diferen\u0163iat\u0103 a tehnicilor specifice.<\/strong><br><strong>Dac\u0103 la copiii tipici, cu tulbur\u0103ri\/\u00eent\u00e2rzieri \u00een dezvoltarea limbajului, logopedul folose\u015fte tehnicile de baz\u0103 ale logopediei \u015fi exerci\u0163ii specifice pentru corectarea diverselor probleme, la copiii cu autism, abordarea presupune parcurgerea anumitor etape, \u00een func\u0163ie de abilit\u0103\u0163ile copilului \u015fi de gradul de afectare. \u00cen cazul copiilor cu tulbur\u0103ri din spectrul autismului, comunicarea \u0219i limbajul reprezint\u0103 una din ariile major afectate, absen\u021ba vorbirii fiind adesea motivul care \u00eei determin\u0103 pe p\u0103rin\u021bi s\u0103 caute r\u0103spunsuri.<br>\u00cen sfera logopediei intr\u0103 at\u00e2t dezvoltarea limbajului expresiv (ceea ce copilul spune), c\u00e2t \u0219i dezvoltarea limbajului receptiv (ceea ce copilul \u00een\u021belege). Comunicarea expresiv\u0103 include at\u00e2t limbaj vocal, c\u00e2t \u0219i limbaj gestual. Mai mult, scrisul \u0219i cititul sunt \u0219i ele abilit\u0103\u021bi ce \u021bin de limbaj.<br>In sesiunile de logopedie trebuie avute \u00een vedere mai multe aspecte:<br>\u2022 Perioda de acomodare a copilului: \u00eenceperea terapiei logopedice trebuie s\u0103 \u0163in\u0103 cont de ritmul de \u00eenv\u0103\u0163are al copilului \u015fi de stadiul de dezvoltare la care se afl\u0103 \u00een acel moment.<\/strong><br><strong>\u2022 Joac\u0103: copilul \u00eenva\u021b\u0103 deprideri noi prin jocuri, prin exerci\u021bii.<br>\u2022 Recompense: progresul este sus\u021binut \u0219i \u00eencurajat \u00eencontinuu, at\u00e2t de terapeut, c\u00e2t \u0219i de p\u0103rin\u021bi\/familie acas\u0103, \u00een func\u021bie de gradul de afectare a copilului (uneori, emisiuna unui singur sunet este un progres foarte mare).<br>\u2022 Mediul de lucru: este nevoie de adaptare \u00eentr-un spa\u021biu nous au se \u00eencurajeaz\u0103 realizarea terapiilor acolo unde se simte copilul cel mai bine.<br>\u2022 Colaborarea cu p\u0103rin\u021bii \u0219i echipa de terapeu\u021bi: o echip\u0103 multidisciplinar\u0103 va avea rezultate mai repede.<br>Logopedia nu d\u0103 rezultate imediat. Timpul alocat pentru terapia logopedic\u0103 depinde de la caz la caz. \u00cen general, copilul cu autism are nevoie de o perioad\u0103 mai lung\u0103 pentru corectarea\/ini\u0163ierea limbajului. Prin urmare, logopedia se opre\u015fte atunci c\u00e2nd considera\u0163i c\u0103 micu\u0163ul are un limbaj adecvat v\u00e2rstei sale. Nu exist\u0103 o anumit\u0103 perioad\u0103 care garanteaz\u0103 recuperarea sa.<\/strong><\/p>\n\n\n\n<figure class=\"wp-block-image size-large is-resized\"><img loading=\"lazy\" decoding=\"async\" src=\"https:\/\/asca.ro\/wp-content\/uploads\/2020\/11\/Layer-2-1024x380.jpg\" alt=\"\" class=\"wp-image-860\" width=\"1129\" height=\"419\" srcset=\"https:\/\/asca.ro\/wp-content\/uploads\/2020\/11\/Layer-2-1024x380.jpg 1024w, https:\/\/asca.ro\/wp-content\/uploads\/2020\/11\/Layer-2-300x111.jpg 300w, https:\/\/asca.ro\/wp-content\/uploads\/2020\/11\/Layer-2-768x285.jpg 768w, https:\/\/asca.ro\/wp-content\/uploads\/2020\/11\/Layer-2.jpg 1146w\" sizes=\"auto, (max-width: 1129px) 100vw, 1129px\" \/><\/figure>\n","protected":false},"excerpt":{"rendered":"<p>\u00cen cadrul centrului ASCA, fiecare copil \u00eenscris \u00een programul de terapie beneficiaz\u0103 de \u0219edinte de logopedie, de stimularea \u0219i dezvoltarea limbajului.\u00cen cadrul interventiei logopedice se utilizeaza instrumentele Zvibe astfel acord\u0103ndu-se o atentie special\u0103 problemelor senzoriale. Logopedia sau Terapia Tulbur\u0103rilor de Limbaj este definit\u0103 ca disciplina care se ocup\u0103 cu educarea \u015fi reeducarea limbajului. Rolul logopedului &hellip; <\/p>\n<p class=\"link-more\"><a href=\"http:\/\/asca.ro\/ro\/logopedie\/\" class=\"more-link\">Continue reading<span class=\"screen-reader-text\"> &#8222;Logopedie&#8221;<\/span><\/a><\/p>\n","protected":false},"author":2,"featured_media":0,"parent":0,"menu_order":0,"comment_status":"closed","ping_status":"closed","template":"","meta":{"give_campaign_id":0,"footnotes":""},"class_list":["post-817","page","type-page","status-publish","hentry"],"campaignId":"","_links":{"self":[{"href":"http:\/\/asca.ro\/ro\/wp-json\/wp\/v2\/pages\/817","targetHints":{"allow":["GET"]}}],"collection":[{"href":"http:\/\/asca.ro\/ro\/wp-json\/wp\/v2\/pages"}],"about":[{"href":"http:\/\/asca.ro\/ro\/wp-json\/wp\/v2\/types\/page"}],"author":[{"embeddable":true,"href":"http:\/\/asca.ro\/ro\/wp-json\/wp\/v2\/users\/2"}],"replies":[{"embeddable":true,"href":"http:\/\/asca.ro\/ro\/wp-json\/wp\/v2\/comments?post=817"}],"version-history":[{"count":6,"href":"http:\/\/asca.ro\/ro\/wp-json\/wp\/v2\/pages\/817\/revisions"}],"predecessor-version":[{"id":1106,"href":"http:\/\/asca.ro\/ro\/wp-json\/wp\/v2\/pages\/817\/revisions\/1106"}],"wp:attachment":[{"href":"http:\/\/asca.ro\/ro\/wp-json\/wp\/v2\/media?parent=817"}],"curies":[{"name":"wp","href":"https:\/\/api.w.org\/{rel}","templated":true}]}}