{"id":736,"date":"2020-11-23T12:34:34","date_gmt":"2020-11-23T12:34:34","guid":{"rendered":"https:\/\/asca.ro\/page-3\/"},"modified":"2020-11-28T17:03:14","modified_gmt":"2020-11-28T15:03:14","slug":"kinetoterapie","status":"publish","type":"page","link":"http:\/\/asca.ro\/ro\/kinetoterapie\/","title":{"rendered":"Kinetoterapie"},"content":{"rendered":"\n<p><strong>Kinetoterapia <\/strong>poate s\u0103 reprezinte o interven\u0163ie pentru copiii cu autism care: au nevoie s\u0103 dezvolte abilit\u0103\u0163i motorii \u00een concordan\u0163\u0103 cu v\u00e2rsta lor, au un tonus muscular sc\u0103zut, prezint\u0103 o postur\u0103 incorect\u0103, deficite la nivelul coordon\u0103rii \u0219i controlului respira\u021biei. De asemenea, kinetoterapia poate s\u0103 ajute copii care sufer\u0103 de autism s\u0103 \u00ee\u015fi reduc\u0103 mi\u015fc\u0103rile stereotipale \u015fi comportamentele hiperkinetice (deficit de aten\u0163ie, impulsivitate, hiperactivitate).Kinetoterapia are ca scop dezvoltarea abilit\u0103\u021bilor motrice grosiere si de finete, dezvoltarea capacit\u0103\u021bii de percep\u021bie, orientare \u0219i organizare spa\u021bio-temporal\u0103, formarea percep\u021biei corecte a schemei corporale, educarea verticalit\u0103\u021bii \u0219i a mecanismelor controlului motor, a stabilit\u0103\u021bii \u0219i a echilibrului, dar \u0219i \u00eembun\u0103t\u0103\u021birea sau corectarea abilit\u0103\u021bilor deja existente, dar insuficient sau deficitar dezvoltate.<br>De asemenea, \u00een cadrul kinetoterapiei au loc activit\u0103\u021bi ce presupun integrare senzorial\u0103, \u00eembun\u0103t\u0103\u021birea aten\u021biei \u0219i a capacit\u0103\u021bii de concentrare \u0219i dezvoltarea capacit\u0103\u021bii de men\u021binere \u00eentr-o activitate fizic\u0103 o perioad\u0103 c\u00e2t mai \u00eendelungat\u0103.A\u0219adar, kinetoterapia \u00eembun\u0103t\u0103\u021be\u0219te capacitatea de \u00een\u021belegere \u0219i r\u0103spuns a diferitelor activit\u0103\u021bi, dar \u0219i a interac\u021biunii \u0219i stabilirii contactului vizual si ajut\u0103 la diminuarea stereotipiilor caracteristice, c\u00e2t \u0219i a comportamentului hiperkinetic.<br>Centrul de zi al Asocia\u021biei Sfantul Casian dispune de o sala de kinetoterapie foarte bine dotat\u0103, in cadrul caruia exercitiile de kinetoterapie se desfasoara sub forma unor ore de joaca, gimnastica, efort si relaxare, mentinandu-se motivatia si dorinta copiilor de a reveni la terapie.<br>Terapia prin miscare pentru copii le imbunatateste capacitatea de intelegere si raspuns a diferitelor activitati ,dar si imbunatatirea interactiunii si stabilirea contactului vizual. Totodata, miscarea pentru copii cu autism ajuta la diminuarea agresivitatii si autoagresivitatii, a stereotipiilor caracteristice, cat si a comportamentului hiperkinetic.<br>Kinetoterapia este necesara si are urmatoarele obiective :<br>\u2022 tonifierea musculaturii ;<br>\u2022 imbunatatirea mobilitatii articulare si a coordonarii miscarilor;<br>\u2022 dezvoltarea motricitatii generale, grosiere cat si a celei fine;<br>\u2022 educarea echilibrului static si dinamic;<br>\u2022 educarea ritmului si coordonarii miscarilor;<br>\u2022 orientarea si organizarea spatio-temporala;<br>\u2022 constientizarea corecta a schemei corporale.<br>Prin metode specifice invata cum sa se relaxeze, invata sa-si creasca puterea de concentrare, coordonare si atentie, precum si dorinta de miscare. Programele complexe de exercitii terapeutice sunt alcatuite individual in functie de evolutia fiecarui copil.<\/p>\n\n\n\n<figure class=\"wp-block-image size-large is-resized\"><img loading=\"lazy\" decoding=\"async\" src=\"https:\/\/asca.ro\/wp-content\/uploads\/2020\/11\/Untitled-3-1024x380.jpg\" alt=\"\" class=\"wp-image-851\" width=\"1211\" height=\"448\" srcset=\"https:\/\/asca.ro\/wp-content\/uploads\/2020\/11\/Untitled-3-1024x380.jpg 1024w, https:\/\/asca.ro\/wp-content\/uploads\/2020\/11\/Untitled-3-300x111.jpg 300w, https:\/\/asca.ro\/wp-content\/uploads\/2020\/11\/Untitled-3-768x285.jpg 768w, https:\/\/asca.ro\/wp-content\/uploads\/2020\/11\/Untitled-3.jpg 1146w\" sizes=\"auto, (max-width: 1211px) 100vw, 1211px\" \/><\/figure>\n","protected":false},"excerpt":{"rendered":"<p>Kinetoterapia poate s\u0103 reprezinte o interven\u0163ie pentru copiii cu autism care: au nevoie s\u0103 dezvolte abilit\u0103\u0163i motorii \u00een concordan\u0163\u0103 cu v\u00e2rsta lor, au un tonus muscular sc\u0103zut, prezint\u0103 o postur\u0103 incorect\u0103, deficite la nivelul coordon\u0103rii \u0219i controlului respira\u021biei. De asemenea, kinetoterapia poate s\u0103 ajute copii care sufer\u0103 de autism s\u0103 \u00ee\u015fi reduc\u0103 mi\u015fc\u0103rile stereotipale \u015fi &hellip; <\/p>\n<p class=\"link-more\"><a href=\"http:\/\/asca.ro\/ro\/kinetoterapie\/\" class=\"more-link\">Continue reading<span class=\"screen-reader-text\"> &#8222;Kinetoterapie&#8221;<\/span><\/a><\/p>\n","protected":false},"author":2,"featured_media":0,"parent":0,"menu_order":0,"comment_status":"closed","ping_status":"closed","template":"","meta":{"give_campaign_id":0,"footnotes":""},"class_list":["post-736","page","type-page","status-publish","hentry"],"campaignId":"","_links":{"self":[{"href":"http:\/\/asca.ro\/ro\/wp-json\/wp\/v2\/pages\/736","targetHints":{"allow":["GET"]}}],"collection":[{"href":"http:\/\/asca.ro\/ro\/wp-json\/wp\/v2\/pages"}],"about":[{"href":"http:\/\/asca.ro\/ro\/wp-json\/wp\/v2\/types\/page"}],"author":[{"embeddable":true,"href":"http:\/\/asca.ro\/ro\/wp-json\/wp\/v2\/users\/2"}],"replies":[{"embeddable":true,"href":"http:\/\/asca.ro\/ro\/wp-json\/wp\/v2\/comments?post=736"}],"version-history":[{"count":7,"href":"http:\/\/asca.ro\/ro\/wp-json\/wp\/v2\/pages\/736\/revisions"}],"predecessor-version":[{"id":856,"href":"http:\/\/asca.ro\/ro\/wp-json\/wp\/v2\/pages\/736\/revisions\/856"}],"wp:attachment":[{"href":"http:\/\/asca.ro\/ro\/wp-json\/wp\/v2\/media?parent=736"}],"curies":[{"name":"wp","href":"https:\/\/api.w.org\/{rel}","templated":true}]}}