{"id":405,"date":"2020-08-07T17:10:53","date_gmt":"2020-08-07T17:10:53","guid":{"rendered":"http:\/\/asca.ro\/?page_id=405"},"modified":"2026-03-28T00:20:53","modified_gmt":"2026-03-27T22:20:53","slug":"contact","status":"publish","type":"page","link":"http:\/\/asca.ro\/en\/contact\/","title":{"rendered":"Contact"},"content":{"rendered":"<div class=\"wp-block-group\"><div class=\"wp-block-group__inner-container is-layout-flow wp-block-group-is-layout-flow\">\n<div class=\"wp-block-group\"><div class=\"wp-block-group__inner-container is-layout-flow wp-block-group-is-layout-flow\">\n<p><span style=\"color: #000000;\">The team of St. Casian Association is specially prepared to connect parents with resources, information and opportunities. Choose to use the phone numbers or contact form to find out how you can become a member of the association, appointments or any other information. Together we find solutions to connect the community with children with autism with their families.<\/span><\/p>\n<p><span style=\"color: #000000;\"><strong>Pre\u0219edinte \u00a0 \u00a0 \u00a0 \u00a0 \u00a0 \u00a0\u00a0 Barna Adrian Ioan\u00a0 \u00a0 \u00a0 \u00a0 \u00a0 \u00a0 \u00a0\u00a0 Telefon:\u00a0 0745 562 541<\/strong><\/span><\/p>\n<p><strong>Mail :\u00a0 \u00a0 \u00a0sfantulcasian@yahoo.com\u00a0 \u00a0 \u00a0 \u00a0 \u00a0 \u00a0 \u00a0 \u00a0 \u00a0<\/strong><\/p>\n<p><strong>\u00a0 \u00a0 \u00a0 \u00a0 \u00a0 \u00a0\u00a0<\/strong><\/p>\n<p><span style=\"color: #000000;\"><strong>Orar\u00a0 : Luni &#8211; Vineri <\/strong><\/span><\/p>\n<p><span style=\"color: #000000;\"><strong>Hours: 07.30 - 15.30<\/strong><\/span><\/p>\n<\/div><\/div>\n<\/div><\/div>\n\n\n\n<div class=\"wp-block-group\"><div class=\"wp-block-group__inner-container is-layout-flow wp-block-group-is-layout-flow\">\n<div class=\"wp-block-contact-form-7-contact-form-selector\">\n<div class=\"wpcf7 no-js\" id=\"wpcf7-f663-o1\" lang=\"ro-RO\" dir=\"ltr\" data-wpcf7-id=\"663\">\n<div class=\"screen-reader-response\"><p role=\"status\" aria-live=\"polite\" aria-atomic=\"true\"><\/p> <ul><\/ul><\/div>\n<form action=\"\/en\/wp-json\/wp\/v2\/pages\/405#wpcf7-f663-o1\" method=\"post\" class=\"wpcf7-form init\" aria-label=\"Formular de contact\" novalidate=\"novalidate\" data-status=\"init\" data-trp-original-action=\"\/en\/wp-json\/wp\/v2\/pages\/405#wpcf7-f663-o1\">\n<fieldset class=\"hidden-fields-container\"><input type=\"hidden\" name=\"_wpcf7\" value=\"663\" \/><input type=\"hidden\" name=\"_wpcf7_version\" value=\"6.1.5\" \/><input type=\"hidden\" name=\"_wpcf7_locale\" value=\"ro_RO\" \/><input type=\"hidden\" name=\"_wpcf7_unit_tag\" value=\"wpcf7-f663-o1\" \/><input type=\"hidden\" name=\"_wpcf7_container_post\" value=\"0\" \/><input type=\"hidden\" name=\"_wpcf7_posted_data_hash\" value=\"\" \/>\n<\/fieldset>\n<p><label> Your name<br \/>\n<span class=\"wpcf7-form-control-wrap\" data-name=\"your-name\"><input size=\"40\" maxlength=\"400\" class=\"wpcf7-form-control wpcf7-text wpcf7-validates-as-required\" aria-required=\"true\" aria-invalid=\"false\" value=\"\" type=\"text\" name=\"your-name\" \/><\/span> <\/label>\n<\/p>\n<p><label> Your email<br \/>\n<span class=\"wpcf7-form-control-wrap\" data-name=\"your-email\"><input size=\"40\" maxlength=\"400\" class=\"wpcf7-form-control wpcf7-email wpcf7-validates-as-required wpcf7-text wpcf7-validates-as-email\" aria-required=\"true\" aria-invalid=\"false\" value=\"\" type=\"email\" name=\"your-email\" \/><\/span> <\/label>\n<\/p>\n<p><label> Topic<br \/>\n<span class=\"wpcf7-form-control-wrap\" data-name=\"your-subject\"><input size=\"40\" maxlength=\"400\" class=\"wpcf7-form-control wpcf7-text wpcf7-validates-as-required\" aria-required=\"true\" aria-invalid=\"false\" value=\"\" type=\"text\" name=\"your-subject\" \/><\/span> <\/label>\n<\/p>\n<p><label> Your message (optional)<br \/>\n<span class=\"wpcf7-form-control-wrap\" data-name=\"your-message\"><textarea cols=\"40\" rows=\"10\" maxlength=\"2000\" class=\"wpcf7-form-control wpcf7-textarea\" aria-invalid=\"false\" name=\"your-message\"><\/textarea><\/span> <\/label>\n<\/p>\n<p><input class=\"wpcf7-form-control wpcf7-submit has-spinner\" type=\"submit\" value=\"send\" \/>\n<\/p><div class=\"wpcf7-response-output\" aria-hidden=\"true\"><\/div>\n<input type=\"hidden\" name=\"trp-form-language\" value=\"en\"\/><\/form>\n<\/div>\n<\/div>\n<\/div><\/div>","protected":false},"excerpt":{"rendered":"<p>Echipa Asocia\u021biei Sf\u0103ntul Casian este special preg\u0103tit\u0103 s\u0103 conecteze p\u0103rin\u021bii cu resurse, informa\u021bii \u0219i oportunit\u0103\u021bi. Alege\u021bi sa apelati la numerele de telefon sau formularul de contact pentru a afla cum po\u021bi deveni membru \u00een asociatie, programari sau orice alte informa\u021bii. Impreuna g\u0103sim solu\u021bii de conectare \u00eentre comunitate \u0219i copiii cu autism al\u0103turi de familiile lor. &hellip; <\/p>\n<p class=\"link-more\"><a href=\"http:\/\/asca.ro\/en\/contact\/\" class=\"more-link\">Continue reading<span class=\"screen-reader-text\"> &#8222;Contact&#8221;<\/span><\/a><\/p>","protected":false},"author":2,"featured_media":0,"parent":0,"menu_order":0,"comment_status":"closed","ping_status":"closed","template":"","meta":{"give_campaign_id":0,"footnotes":""},"class_list":["post-405","page","type-page","status-publish","hentry"],"campaignId":"","_links":{"self":[{"href":"http:\/\/asca.ro\/en\/wp-json\/wp\/v2\/pages\/405","targetHints":{"allow":["GET"]}}],"collection":[{"href":"http:\/\/asca.ro\/en\/wp-json\/wp\/v2\/pages"}],"about":[{"href":"http:\/\/asca.ro\/en\/wp-json\/wp\/v2\/types\/page"}],"author":[{"embeddable":true,"href":"http:\/\/asca.ro\/en\/wp-json\/wp\/v2\/users\/2"}],"replies":[{"embeddable":true,"href":"http:\/\/asca.ro\/en\/wp-json\/wp\/v2\/comments?post=405"}],"version-history":[{"count":22,"href":"http:\/\/asca.ro\/en\/wp-json\/wp\/v2\/pages\/405\/revisions"}],"predecessor-version":[{"id":1475,"href":"http:\/\/asca.ro\/en\/wp-json\/wp\/v2\/pages\/405\/revisions\/1475"}],"wp:attachment":[{"href":"http:\/\/asca.ro\/en\/wp-json\/wp\/v2\/media?parent=405"}],"curies":[{"name":"wp","href":"https:\/\/api.w.org\/{rel}","templated":true}]}}